{"id":99737,"date":"2025-01-15T11:48:45","date_gmt":"2025-04-09T10:58:56","guid":{"rendered":"https:\/\/gymnos.pt\/?post_type=product&#038;p=99737"},"modified":"2025-04-09T11:28:22","modified_gmt":"2025-04-09T11:28:22","slug":"trampolin-novajump-soft-23cm","status":"publish","type":"product","link":"https:\/\/gymnos.pt\/es\/produto\/trampolin-novajump-soft-23cm\/","title":{"rendered":"TRAMPOLIN COMPETICION NOVA&#8217;JUMP SOFT &#8211; 23 cm"},"content":{"rendered":"<ul>\n<li>Trampol\u00edn con bases antiderrapantes, muelles helicoidales, plataforma de dimensiones homologadas (120 x 60 cm) de contrachapado curvado con refuerzos integrados, recubierto con capa de confort y moqueta.<\/li>\n<li>Retorno de energ\u00eda en toda la superficie \u00fatil, gracias al \u00faltimo muelle colocado en la parte inferior de la plataforma.<\/li>\n<li>Plataforma recubierta con espuma de 2,5 cm de espesor.<\/li>\n<li>2 asas de transporte incorporadas.<\/li>\n<\/ul>\n","protected":false},"excerpt":{"rendered":"<ul>\n<li>Dirigido principalmente a gimnastas con estructura corporal m\u00e1s ligera (40 &#8211; 75 kg)<\/li>\n<li>Altura = 23 cm<\/li>\n<li>Peso = 24 kg<\/li>\n<li>Con 7 muelles c\u00f3nicos<\/li>\n<\/ul>\n","protected":false},"featured_media":100120,"template":"","meta":{"_et_pb_use_builder":"","_et_pb_old_content":"","_et_gb_content_width":""},"product_brand":[],"product_cat":[8049],"product_tag":[],"class_list":{"0":"post-99737","1":"product","2":"type-product","3":"status-publish","4":"has-post-thumbnail","6":"product_cat-gymnova-es","8":"first","9":"instock","10":"taxable","11":"shipping-taxable","12":"purchasable","13":"product-type-simple"},"_links":{"self":[{"href":"https:\/\/gymnos.pt\/es\/wp-json\/wp\/v2\/product\/99737","targetHints":{"allow":["GET"]}}],"collection":[{"href":"https:\/\/gymnos.pt\/es\/wp-json\/wp\/v2\/product"}],"about":[{"href":"https:\/\/gymnos.pt\/es\/wp-json\/wp\/v2\/types\/product"}],"wp:featuredmedia":[{"embeddable":true,"href":"https:\/\/gymnos.pt\/es\/wp-json\/wp\/v2\/media\/100120"}],"wp:attachment":[{"href":"https:\/\/gymnos.pt\/es\/wp-json\/wp\/v2\/media?parent=99737"}],"wp:term":[{"taxonomy":"product_brand","embeddable":true,"href":"https:\/\/gymnos.pt\/es\/wp-json\/wp\/v2\/product_brand?post=99737"},{"taxonomy":"product_cat","embeddable":true,"href":"https:\/\/gymnos.pt\/es\/wp-json\/wp\/v2\/product_cat?post=99737"},{"taxonomy":"product_tag","embeddable":true,"href":"https:\/\/gymnos.pt\/es\/wp-json\/wp\/v2\/product_tag?post=99737"}],"curies":[{"name":"wp","href":"https:\/\/api.w.org\/{rel}","templated":true}]}}