{"id":99057,"date":"2024-11-14T09:42:54","date_gmt":"2024-11-14T09:42:54","guid":{"rendered":"https:\/\/gymnos.pt\/?post_type=product&#038;p=99057"},"modified":"2024-11-21T11:05:31","modified_gmt":"2024-11-21T11:05:31","slug":"mesa","status":"publish","type":"product","link":"https:\/\/gymnos.pt\/es\/produto\/mesa\/","title":{"rendered":"MESA PARKOUR 120x75x90cm"},"content":{"rendered":"<p class=\"p1\"><strong><em>Despu\u00e9s de completar la compra, enviaremos por correo electr\u00f3nico informaci\u00f3n sobre los costos de transporte.<\/em><\/strong><\/p>\n<p><span style=\"color: #ff0000;\"><strong>\u00a1\u00a1\u00a1M\u00d3DULO 100% GYMNOS!!!<\/strong><\/span><\/p>\n<ul>\n<li><strong>M\u00f3dulo fabricado en espuma de poliuretano de alta densidad para un mayor confort.<\/strong><\/li>\n<li><strong>Tejido de PVC muy robusto, f\u00e1cil de limpiar\/limpiar, con tratamiento ign\u00edfugo M2, libre de ftalatos o productos nocivos para la salud de los ni\u00f1os, cumpliendo la normativa europea de seguridad.<\/strong><\/li>\n<li><strong>Piezas cosidas con hilo de poli\u00e9ster de alta resistencia, con un proceso para ocultar el cursor de la cremallera, evitando que los ni\u00f1os accedan al interior de las piezas.<\/strong><\/li>\n<li><strong>Base antideslizante.<\/strong><\/li>\n<\/ul>\n","protected":false},"excerpt":{"rendered":"<p><span class=\"--l sentence_highlight\"><strong><span class=\"--l --r hover:bg-[#B4DAE8] hover:dark:bg-blue-next-600\">Dimensiones<\/span><span class=\"--l --r hover:bg-[#B4DAE8] hover:dark:bg-blue-next-600\">:<\/span> 120x75x90cm<\/strong><\/span><\/p>\n<p><span class=\"--l sentence_highlight\">Transporte no incluido<br \/>\n<\/span><span class=\"--l --r sentence_highlight\">(precio del env\u00edo por determinar)<\/span><\/p>\n","protected":false},"featured_media":99022,"template":"","meta":{"_et_pb_use_builder":"","_et_pb_old_content":"","_et_gb_content_width":""},"product_brand":[],"product_cat":[8047,8394],"product_tag":[],"class_list":{"0":"post-99057","1":"product","2":"type-product","3":"status-publish","4":"has-post-thumbnail","6":"product_cat-gymnos-es","7":"product_cat-parkour-es","9":"first","10":"onbackorder","11":"taxable","12":"shipping-taxable","13":"product-type-simple"},"_links":{"self":[{"href":"https:\/\/gymnos.pt\/es\/wp-json\/wp\/v2\/product\/99057","targetHints":{"allow":["GET"]}}],"collection":[{"href":"https:\/\/gymnos.pt\/es\/wp-json\/wp\/v2\/product"}],"about":[{"href":"https:\/\/gymnos.pt\/es\/wp-json\/wp\/v2\/types\/product"}],"wp:featuredmedia":[{"embeddable":true,"href":"https:\/\/gymnos.pt\/es\/wp-json\/wp\/v2\/media\/99022"}],"wp:attachment":[{"href":"https:\/\/gymnos.pt\/es\/wp-json\/wp\/v2\/media?parent=99057"}],"wp:term":[{"taxonomy":"product_brand","embeddable":true,"href":"https:\/\/gymnos.pt\/es\/wp-json\/wp\/v2\/product_brand?post=99057"},{"taxonomy":"product_cat","embeddable":true,"href":"https:\/\/gymnos.pt\/es\/wp-json\/wp\/v2\/product_cat?post=99057"},{"taxonomy":"product_tag","embeddable":true,"href":"https:\/\/gymnos.pt\/es\/wp-json\/wp\/v2\/product_tag?post=99057"}],"curies":[{"name":"wp","href":"https:\/\/api.w.org\/{rel}","templated":true}]}}