{"id":98028,"date":"2024-10-17T10:28:15","date_gmt":"2024-10-17T10:28:15","guid":{"rendered":"https:\/\/gymnos.pt\/?post_type=product&#038;p=98028"},"modified":"2024-10-17T10:42:30","modified_gmt":"2024-10-17T10:42:30","slug":"carro-para-carrete-de-alfombra-2-m","status":"publish","type":"product","link":"https:\/\/gymnos.pt\/es\/produto\/carro-para-carrete-de-alfombra-2-m\/","title":{"rendered":"CARRO PARA CARRETE DE ALFOMBRA &#8211; 2 m"},"content":{"rendered":"<p><strong>PARA PEDIDOS DE PRESUPUESTO, POR FAVOR\u00a0CONT\u00c1CTENOS.<\/strong><\/p>\n<p>Dise\u00f1ado para enrollar, transportar y almacenar alfombras de ejercicio de gimnasia r\u00edtmica o art\u00edstica. Ruedas omnidireccionales.<\/p>\n<p>&nbsp;<\/p>\n<h4><strong>\u00a0<\/strong><\/h4>\n","protected":false},"excerpt":{"rendered":"<ul>\n<li>Carrete de 2 m<\/li>\n<\/ul>\n","protected":false},"featured_media":98032,"template":"","meta":{"_et_pb_use_builder":"","_et_pb_old_content":"","_et_gb_content_width":""},"product_brand":[],"product_cat":[8085,8049,8138,8059],"product_tag":[],"class_list":{"0":"post-98028","1":"product","2":"type-product","3":"status-publish","4":"has-post-thumbnail","6":"product_cat-ritmica-es","7":"product_cat-gymnova-es","8":"product_cat-praticable-ritmica","9":"product_cat-praticables","11":"first","12":"onbackorder","13":"taxable","14":"shipping-taxable","15":"product-type-simple"},"_links":{"self":[{"href":"https:\/\/gymnos.pt\/es\/wp-json\/wp\/v2\/product\/98028","targetHints":{"allow":["GET"]}}],"collection":[{"href":"https:\/\/gymnos.pt\/es\/wp-json\/wp\/v2\/product"}],"about":[{"href":"https:\/\/gymnos.pt\/es\/wp-json\/wp\/v2\/types\/product"}],"wp:featuredmedia":[{"embeddable":true,"href":"https:\/\/gymnos.pt\/es\/wp-json\/wp\/v2\/media\/98032"}],"wp:attachment":[{"href":"https:\/\/gymnos.pt\/es\/wp-json\/wp\/v2\/media?parent=98028"}],"wp:term":[{"taxonomy":"product_brand","embeddable":true,"href":"https:\/\/gymnos.pt\/es\/wp-json\/wp\/v2\/product_brand?post=98028"},{"taxonomy":"product_cat","embeddable":true,"href":"https:\/\/gymnos.pt\/es\/wp-json\/wp\/v2\/product_cat?post=98028"},{"taxonomy":"product_tag","embeddable":true,"href":"https:\/\/gymnos.pt\/es\/wp-json\/wp\/v2\/product_tag?post=98028"}],"curies":[{"name":"wp","href":"https:\/\/api.w.org\/{rel}","templated":true}]}}