{"id":97649,"date":"2024-07-18T11:58:50","date_gmt":"2024-07-18T11:58:50","guid":{"rendered":"https:\/\/gymnos.pt\/produto\/prancheta-de-salto-booster-board\/"},"modified":"2024-09-05T08:45:44","modified_gmt":"2024-09-05T08:45:44","slug":"prancheta-de-salto-booster-board","status":"publish","type":"product","link":"https:\/\/gymnos.pt\/es\/produto\/prancheta-de-salto-booster-board\/","title":{"rendered":"MINITRAMPOL\u00cdN BOOSTER"},"content":{"rendered":"<p>Los Booster Boards combinan la funcionalidad de un trampol\u00edn cl\u00e1sico con la din\u00e1mica, la facilidad y el factor divertido de saltar. Los modelos de Booster Board fueron dise\u00f1ados especialmente para aprender ejercicios de salto de bajo impacto y son ideales para deportistas de todas las edades y categor\u00edas de rendimiento. Debido a su versatilidad, son ideales para deportes recreativos, amateurs y escolares, como herramienta metodol\u00f3gica en la gimnasia art\u00edstica y como trampol\u00edn en Parkour y Freerunning.<br \/>\nEspesor de la espuma de los protectores del marco: 22 mm.<\/p>\n","protected":false},"excerpt":{"rendered":"<p>Los Booster Boards combinan la funcionalidad de un trampol\u00edn cl\u00e1sico con la din\u00e1mica, la facilidad y el factor divertido de saltar. Los modelos de Booster Board fueron dise\u00f1ados especialmente para aprender ejercicios de salto de bajo impacto y son ideales para deportistas de todas las edades y categor\u00edas de rendimiento. Debido a su versatilidad, son [&hellip;]<\/p>\n","protected":false},"featured_media":97645,"template":"","meta":{"_et_pb_use_builder":"","_et_pb_old_content":"","_et_gb_content_width":""},"product_brand":[],"product_cat":[8027,8033,8045],"product_tag":[],"class_list":{"0":"post-97649","1":"product","2":"type-product","3":"status-publish","4":"has-post-thumbnail","6":"product_cat-acessorios-de-entrenamiento","7":"product_cat-aparatos","8":"product_cat-eurotramp-es","10":"first","11":"outofstock","12":"taxable","13":"shipping-taxable","14":"product-type-simple"},"_links":{"self":[{"href":"https:\/\/gymnos.pt\/es\/wp-json\/wp\/v2\/product\/97649","targetHints":{"allow":["GET"]}}],"collection":[{"href":"https:\/\/gymnos.pt\/es\/wp-json\/wp\/v2\/product"}],"about":[{"href":"https:\/\/gymnos.pt\/es\/wp-json\/wp\/v2\/types\/product"}],"wp:featuredmedia":[{"embeddable":true,"href":"https:\/\/gymnos.pt\/es\/wp-json\/wp\/v2\/media\/97645"}],"wp:attachment":[{"href":"https:\/\/gymnos.pt\/es\/wp-json\/wp\/v2\/media?parent=97649"}],"wp:term":[{"taxonomy":"product_brand","embeddable":true,"href":"https:\/\/gymnos.pt\/es\/wp-json\/wp\/v2\/product_brand?post=97649"},{"taxonomy":"product_cat","embeddable":true,"href":"https:\/\/gymnos.pt\/es\/wp-json\/wp\/v2\/product_cat?post=97649"},{"taxonomy":"product_tag","embeddable":true,"href":"https:\/\/gymnos.pt\/es\/wp-json\/wp\/v2\/product_tag?post=97649"}],"curies":[{"name":"wp","href":"https:\/\/api.w.org\/{rel}","templated":true}]}}