{"id":97038,"date":"2024-05-20T10:40:07","date_gmt":"2024-05-20T10:40:08","guid":{"rendered":"https:\/\/gymnos.pt\/?post_type=product&#038;p=97038"},"modified":"2024-07-18T09:58:25","modified_gmt":"2024-07-18T09:58:25","slug":"colchonetas-de-seguridad-integral-copia","status":"publish","type":"product","link":"https:\/\/gymnos.pt\/es\/produto\/colchonetas-de-seguridad-integral-copia\/","title":{"rendered":"COLCHONETA DE SEGURIDAD PARA"},"content":{"rendered":"<p><span style=\"color: #ff0000;\"><strong>\u00a1COLCHONES 100% GYMNOS!<\/strong><\/span><\/p>\n<p>Producidos en nuestras instalaciones con un enfoque en la calidad y con las siguientes caracter\u00edsticas:<\/p>\n<ul>\n<li>Espuma densidad 20 RB para mayor confort.<\/li>\n<li>Parte superior en tela PVC o Jersey de 610 gr\/m\u00b2 para mayor robustez y f\u00e1cil limpieza\/higienizaci\u00f3n.<\/li>\n<li>Laterales en tela PVC de 610 gr\/m\u00b2 y\/o tela PVC perforada para salida de aire y mayor durabilidad.<\/li>\n<li>Base en tela PVC antideslizante 600 gr\/m\u00b2 para mayor adherencia.<\/li>\n<li>Costura doble para mayor resistencia.<\/li>\n<li>Cierre para f\u00e1cil reparaci\u00f3n y sustituci\u00f3n.<\/li>\n<li>Asas para f\u00e1cil desplazamiento y transporte.<\/li>\n<\/ul>\n","protected":false},"excerpt":{"rendered":"<p>Colchonetas de seguridad trampolin<\/p>\n<p>Colch\u00f3n: 300x200x20 cm<br \/>\nCu\u00f1a: 300x40x20 cm<\/p>\n","protected":false},"featured_media":97042,"template":"","meta":{"_et_pb_use_builder":"","_et_pb_old_content":"","_et_gb_content_width":""},"product_brand":[],"product_cat":[8144,8039],"product_tag":[],"class_list":{"0":"post-97038","1":"product","2":"type-product","3":"status-publish","4":"has-post-thumbnail","6":"product_cat-colchones-de-caida","7":"product_cat-colchonetas","9":"first","10":"onbackorder","11":"taxable","12":"shipping-taxable","13":"product-type-simple"},"_links":{"self":[{"href":"https:\/\/gymnos.pt\/es\/wp-json\/wp\/v2\/product\/97038","targetHints":{"allow":["GET"]}}],"collection":[{"href":"https:\/\/gymnos.pt\/es\/wp-json\/wp\/v2\/product"}],"about":[{"href":"https:\/\/gymnos.pt\/es\/wp-json\/wp\/v2\/types\/product"}],"wp:featuredmedia":[{"embeddable":true,"href":"https:\/\/gymnos.pt\/es\/wp-json\/wp\/v2\/media\/97042"}],"wp:attachment":[{"href":"https:\/\/gymnos.pt\/es\/wp-json\/wp\/v2\/media?parent=97038"}],"wp:term":[{"taxonomy":"product_brand","embeddable":true,"href":"https:\/\/gymnos.pt\/es\/wp-json\/wp\/v2\/product_brand?post=97038"},{"taxonomy":"product_cat","embeddable":true,"href":"https:\/\/gymnos.pt\/es\/wp-json\/wp\/v2\/product_cat?post=97038"},{"taxonomy":"product_tag","embeddable":true,"href":"https:\/\/gymnos.pt\/es\/wp-json\/wp\/v2\/product_tag?post=97038"}],"curies":[{"name":"wp","href":"https:\/\/api.w.org\/{rel}","templated":true}]}}