{"id":97013,"date":"2024-05-20T08:49:50","date_gmt":"2024-05-20T08:49:50","guid":{"rendered":"https:\/\/gymnos.pt\/?post_type=product&#038;p=97013"},"modified":"2025-04-09T10:32:51","modified_gmt":"2025-04-09T10:32:51","slug":"colchoneta-de-recepcion-200x100x5-cm-agl-60kg-copia","status":"publish","type":"product","link":"https:\/\/gymnos.pt\/es\/produto\/colchoneta-de-recepcion-200x100x5-cm-agl-60kg-copia\/","title":{"rendered":"COLCHONETA DE RECEPCI\u00d3N JERSEY O PVC 200x140x10 cm"},"content":{"rendered":"<p><span style=\"color: #ff0000;\"><strong>\u00a1COLCHONES 100% GYMNOS!<\/strong><\/span><\/p>\n<p>Producidos en nuestras instalaciones con un enfoque en la calidad y con las siguientes caracter\u00edsticas:<\/p>\n<ul>\n<li>Espuma densidad 26 RB para mayor confort.<\/li>\n<li>Parte superior en tela PVC o Jersey de 610 gr\/m\u00b2 para mayor robustez y f\u00e1cil limpieza\/higienizaci\u00f3n.<\/li>\n<li>Laterales en tela PVC de 610 gr\/m\u00b2 y\/o tela PVC perforada para salida de aire y mayor durabilidad.<\/li>\n<li>Base en tela PVC antideslizante 600 gr\/m\u00b2 para mayor adherencia.<\/li>\n<li>Costura doble para mayor resistencia.<\/li>\n<li>Cierre para f\u00e1cil reparaci\u00f3n y sustituci\u00f3n.<\/li>\n<li>Asas para f\u00e1cil desplazamiento y transporte.<\/li>\n<\/ul>\n","protected":false},"excerpt":{"rendered":"<p><strong>Colch\u00f3n de Recepci\u00f3n 200x140x10 cm en PVC o Jersey, base antideslizante.<\/strong><\/p>\n<p>Transporte no incluido.<\/p>\n","protected":false},"featured_media":97025,"template":"","meta":{"_et_pb_use_builder":"","_et_pb_old_content":"","_et_gb_content_width":""},"product_brand":[],"product_cat":[8113,8039,8047],"product_tag":[],"class_list":{"0":"post-97013","1":"product","2":"type-product","3":"status-publish","4":"has-post-thumbnail","6":"product_cat-colchoneta-de-aterrizaje","7":"product_cat-colchonetas","8":"product_cat-gymnos-es","10":"first","11":"instock","12":"taxable","13":"shipping-taxable","14":"purchasable","15":"product-type-simple"},"_links":{"self":[{"href":"https:\/\/gymnos.pt\/es\/wp-json\/wp\/v2\/product\/97013","targetHints":{"allow":["GET"]}}],"collection":[{"href":"https:\/\/gymnos.pt\/es\/wp-json\/wp\/v2\/product"}],"about":[{"href":"https:\/\/gymnos.pt\/es\/wp-json\/wp\/v2\/types\/product"}],"wp:featuredmedia":[{"embeddable":true,"href":"https:\/\/gymnos.pt\/es\/wp-json\/wp\/v2\/media\/97025"}],"wp:attachment":[{"href":"https:\/\/gymnos.pt\/es\/wp-json\/wp\/v2\/media?parent=97013"}],"wp:term":[{"taxonomy":"product_brand","embeddable":true,"href":"https:\/\/gymnos.pt\/es\/wp-json\/wp\/v2\/product_brand?post=97013"},{"taxonomy":"product_cat","embeddable":true,"href":"https:\/\/gymnos.pt\/es\/wp-json\/wp\/v2\/product_cat?post=97013"},{"taxonomy":"product_tag","embeddable":true,"href":"https:\/\/gymnos.pt\/es\/wp-json\/wp\/v2\/product_tag?post=97013"}],"curies":[{"name":"wp","href":"https:\/\/api.w.org\/{rel}","templated":true}]}}