{"id":96824,"date":"2024-04-26T10:02:42","date_gmt":"2024-04-26T10:02:42","guid":{"rendered":"https:\/\/gymnos.pt\/?post_type=product&#038;p=96824"},"modified":"2025-05-29T11:43:02","modified_gmt":"2025-05-29T11:43:02","slug":"modulo-de-espuma-trapezoidal-grande-copia","status":"publish","type":"product","link":"https:\/\/gymnos.pt\/es\/produto\/modulo-de-espuma-trapezoidal-grande-copia\/","title":{"rendered":"CABALLO TEAMGYM 150x80x160 cm"},"content":{"rendered":"<p><strong><em>Despu\u00e9s de completar la compra, enviaremos por correo electr\u00f3nico informaci\u00f3n sobre los costos de transporte.<\/em><\/strong><\/p>\n<p><strong><span style=\"color: #ff0000;\">M\u00d3DULO 100% GYMNOS!!!<\/span><\/strong><\/p>\n<ul>\n<li>Espuma de alta densidad para mayor comodidad.<\/li>\n<li>Cubierta de tela de PVC de 610 g\/m2 para mayor robustez e impermeable para facilitar la limpieza\/higienizaci\u00f3n, con tratamiento ign\u00edfugo M2, libre de ftalatos o productos nocivos para la salud de los ni\u00f1os, cumpliendo con las normas europeas de seguridad.<\/li>\n<li>Base de tela de PVC antideslizante de 600 g\/m2 para mayor agarre.<\/li>\n<li>Piezas cosidas con hilo de poli\u00e9ster de alta resistencia, con un proceso que oculta el cursor de la cremallera, impidiendo el acceso de los ni\u00f1os al interior de las piezas.<\/li>\n<\/ul>\n<p><strong>Dimensiones: 150 x 80 x 160 cm<br \/>\n<\/strong><strong>Superior = 150 x 50 x 30 cm<br \/>\n<\/strong><strong>3\u00ba = 150 x 50 x 20 cm<br \/>\n<\/strong><strong>2\u00ba = 150 x 50 x 20 cm<br \/>\n<\/strong><strong>1\u00ba = 150 x 50 x 20 cm<br \/>\n<\/strong><strong>Base = 150 x 80 x 70 cm<\/strong><\/p>\n","protected":false},"excerpt":{"rendered":"<p><strong>Dimensiones: 150 x 80 x 160 cm<\/strong><\/p>\n<p>Transporte no incluido<br \/>\n(precio de env\u00edo a definir).<\/p>\n","protected":false},"featured_media":96881,"template":"","meta":{"_et_pb_use_builder":"","_et_pb_old_content":"","_et_gb_content_width":""},"product_brand":[],"product_cat":[8047,8055],"product_tag":[],"class_list":{"0":"post-96824","1":"product","2":"type-product","3":"status-publish","4":"has-post-thumbnail","6":"product_cat-gymnos-es","7":"product_cat-modulos-es","9":"first","10":"onbackorder","11":"taxable","12":"shipping-taxable","13":"purchasable","14":"product-type-simple"},"_links":{"self":[{"href":"https:\/\/gymnos.pt\/es\/wp-json\/wp\/v2\/product\/96824","targetHints":{"allow":["GET"]}}],"collection":[{"href":"https:\/\/gymnos.pt\/es\/wp-json\/wp\/v2\/product"}],"about":[{"href":"https:\/\/gymnos.pt\/es\/wp-json\/wp\/v2\/types\/product"}],"wp:featuredmedia":[{"embeddable":true,"href":"https:\/\/gymnos.pt\/es\/wp-json\/wp\/v2\/media\/96881"}],"wp:attachment":[{"href":"https:\/\/gymnos.pt\/es\/wp-json\/wp\/v2\/media?parent=96824"}],"wp:term":[{"taxonomy":"product_brand","embeddable":true,"href":"https:\/\/gymnos.pt\/es\/wp-json\/wp\/v2\/product_brand?post=96824"},{"taxonomy":"product_cat","embeddable":true,"href":"https:\/\/gymnos.pt\/es\/wp-json\/wp\/v2\/product_cat?post=96824"},{"taxonomy":"product_tag","embeddable":true,"href":"https:\/\/gymnos.pt\/es\/wp-json\/wp\/v2\/product_tag?post=96824"}],"curies":[{"name":"wp","href":"https:\/\/api.w.org\/{rel}","templated":true}]}}