{"id":96575,"date":"2024-03-14T16:29:09","date_gmt":"2024-03-14T16:29:10","guid":{"rendered":"https:\/\/gymnos.pt\/?post_type=product&#038;p=96575"},"modified":"2026-02-06T15:08:10","modified_gmt":"2026-02-06T15:08:10","slug":"trampolin-reuther-standard-plus-con-muelles","status":"publish","type":"product","link":"https:\/\/gymnos.pt\/es\/produto\/trampolin-reuther-standard-plus-con-muelles\/","title":{"rendered":"Trampol\u00edn Reuther Standard Plus con muelles"},"content":{"rendered":"<p>Trampol\u00edn Reuther caracterizado por una excelente din\u00e1mica, adecuado para su uso en clubes o competici\u00f3n.<\/p>\n<p>Especialmente dise\u00f1ado para aumentar la flexibilidad y garantizar una buena elasticidad y un rebote din\u00e1mico.<\/p>\n<p>Construido con madera de alta calidad y recubierto con una alfombra de espuma para una excelente absorci\u00f3n de los impactos.<\/p>\n<p>Sistema de empuje con muelles y pies antideslizantes que no dejan marcas.<\/p>\n<p>Dimensiones<br \/>\nLargo: 120cm<br \/>\nAnchura: 60 cm<br \/>\nAltura: 21 cm<\/p>\n","protected":false},"excerpt":{"rendered":"<p>Trampol\u00edn Reuther Standard Plus con 2 muelles<br \/>\nDimensiones: 120 x 60 x 21 cm<br \/>\nMoqueta <span style=\"text-decoration: underline;\"><strong>AZUL<\/strong><\/span><\/p>\n","protected":false},"featured_media":96578,"template":"","meta":{"_et_pb_use_builder":"","_et_pb_old_content":"","_et_gb_content_width":""},"product_brand":[],"product_cat":[8027,8047],"product_tag":[],"class_list":{"0":"post-96575","1":"product","2":"type-product","3":"status-publish","4":"has-post-thumbnail","6":"product_cat-acessorios-de-entrenamiento","7":"product_cat-gymnos-es","9":"first","10":"instock","11":"taxable","12":"shipping-taxable","13":"purchasable","14":"product-type-simple"},"_links":{"self":[{"href":"https:\/\/gymnos.pt\/es\/wp-json\/wp\/v2\/product\/96575","targetHints":{"allow":["GET"]}}],"collection":[{"href":"https:\/\/gymnos.pt\/es\/wp-json\/wp\/v2\/product"}],"about":[{"href":"https:\/\/gymnos.pt\/es\/wp-json\/wp\/v2\/types\/product"}],"wp:featuredmedia":[{"embeddable":true,"href":"https:\/\/gymnos.pt\/es\/wp-json\/wp\/v2\/media\/96578"}],"wp:attachment":[{"href":"https:\/\/gymnos.pt\/es\/wp-json\/wp\/v2\/media?parent=96575"}],"wp:term":[{"taxonomy":"product_brand","embeddable":true,"href":"https:\/\/gymnos.pt\/es\/wp-json\/wp\/v2\/product_brand?post=96575"},{"taxonomy":"product_cat","embeddable":true,"href":"https:\/\/gymnos.pt\/es\/wp-json\/wp\/v2\/product_cat?post=96575"},{"taxonomy":"product_tag","embeddable":true,"href":"https:\/\/gymnos.pt\/es\/wp-json\/wp\/v2\/product_tag?post=96575"}],"curies":[{"name":"wp","href":"https:\/\/api.w.org\/{rel}","templated":true}]}}