{"id":94044,"date":"2023-06-19T10:25:15","date_gmt":"2023-06-23T11:12:57","guid":{"rendered":"https:\/\/gymnos.pt\/?post_type=product&#038;p=94044"},"modified":"2024-07-18T09:45:15","modified_gmt":"2024-07-18T09:45:15","slug":"trampolin-open-end","status":"publish","type":"product","link":"https:\/\/gymnos.pt\/es\/produto\/trampolin-open-end\/","title":{"rendered":"Trampol\u00edn Open-End"},"content":{"rendered":"<p>Fabricado en tubo el\u00edptico plano 65\u00d735\u00d73 mm de acero al carbono de alta calidad, con alta resistencia general d\u00e1ndole m\u00e1xima seguridad. Equipado con base antideslizante.<br \/>\nLa superficie de la red est\u00e1 hecha de un cintur\u00f3n trenzado de nylon, equipado con un resorte el\u00e1stico de alta resistencia.<br \/>\nAmbos lados est\u00e1n equipados con una cuerda el\u00e1stica de nylon, buena elasticidad general, alta estabilidad.<br \/>\nLa superficie del equipo se trata mediante un proceso de recubrimiento electrost\u00e1tico y el ajuste de altura se fija mediante tornillos desmontables para garantizar la flexibilidad y seguridad del proceso de elevaci\u00f3n.<\/p>\n<p><strong>Tama\u00f1o exterior<\/strong> (largo \u00d7 ancho): 123 cm \u00d7 126 cm \u00d7 (lado inferior (32,6 cm-38,5 cm); lado alto (63,5 cm-72,1 cm);<br \/>\n<strong>Tama\u00f1o de los materiales de nailon<\/strong>: 70 cm \u00d7 63 cm;<br \/>\n<strong>Peso neto:<\/strong> 35 kg;<br \/>\n<strong>Tama\u00f1o del embalaje:<\/strong> 136 cm \u00d7 136 cm \u00d7 30 cm<\/p>\n","protected":false},"excerpt":{"rendered":"<p>Modelo ideal para la escuela.<br \/>\nDimensiones: 123x126cm<br \/>\nProducto disponible por pedido,<br \/>\n(entrega entre 3 a 4 semanas)<\/p>\n<p><strong>Transporte no incluido<\/strong><br \/>\n(precio de env\u00edo a determinar)<\/p>\n","protected":false},"featured_media":94032,"template":"","meta":{"_et_pb_use_builder":"","_et_pb_old_content":"","_et_gb_content_width":""},"product_brand":[],"product_cat":[8027,8031],"product_tag":[],"class_list":{"0":"post-94044","1":"product","2":"type-product","3":"status-publish","4":"has-post-thumbnail","6":"product_cat-acessorios-de-entrenamiento","7":"product_cat-amaya-es","9":"first","10":"onbackorder","11":"taxable","12":"shipping-taxable","13":"product-type-simple"},"_links":{"self":[{"href":"https:\/\/gymnos.pt\/es\/wp-json\/wp\/v2\/product\/94044","targetHints":{"allow":["GET"]}}],"collection":[{"href":"https:\/\/gymnos.pt\/es\/wp-json\/wp\/v2\/product"}],"about":[{"href":"https:\/\/gymnos.pt\/es\/wp-json\/wp\/v2\/types\/product"}],"wp:featuredmedia":[{"embeddable":true,"href":"https:\/\/gymnos.pt\/es\/wp-json\/wp\/v2\/media\/94032"}],"wp:attachment":[{"href":"https:\/\/gymnos.pt\/es\/wp-json\/wp\/v2\/media?parent=94044"}],"wp:term":[{"taxonomy":"product_brand","embeddable":true,"href":"https:\/\/gymnos.pt\/es\/wp-json\/wp\/v2\/product_brand?post=94044"},{"taxonomy":"product_cat","embeddable":true,"href":"https:\/\/gymnos.pt\/es\/wp-json\/wp\/v2\/product_cat?post=94044"},{"taxonomy":"product_tag","embeddable":true,"href":"https:\/\/gymnos.pt\/es\/wp-json\/wp\/v2\/product_tag?post=94044"}],"curies":[{"name":"wp","href":"https:\/\/api.w.org\/{rel}","templated":true}]}}