{"id":93961,"date":"2023-05-25T10:46:48","date_gmt":"2023-05-25T10:46:48","guid":{"rendered":"https:\/\/gymnos.pt\/produto\/93961\/"},"modified":"2023-05-31T11:37:50","modified_gmt":"2023-05-31T11:37:50","slug":"fosso-insuflavel-air-pit-bagjump","status":"publish","type":"product","link":"https:\/\/gymnos.pt\/es\/produto\/fosso-insuflavel-air-pit-bagjump\/","title":{"rendered":"Airbag BAGJUMP\u00ae\u00a0"},"content":{"rendered":"<h4><span style=\"color: #000080;\"><strong>Airbag BAGJUMP\u00ae\u00a0<\/strong><\/span><\/h4>\n<h6><span style=\"color: #000000;\"><strong>Tallas disponibles<\/strong><\/span><\/h6>\n<p>Peque\u00f1o &#8211; 5,00 x 3,00 x 1,00 metros<\/p>\n<p>Mediano &#8211; 6,00 x 4,00 x 1,00 metros<\/p>\n<p>Grande &#8211; 6,50 x 4,50 x 1,00 metros<\/p>\n<p>El Airbag BagJump se puede pedir en varias formas y tama\u00f1os (para cotizaciones, cont\u00e1ctenos)<\/p>\n<hr \/>\n<p><strong><span style=\"color: #000000;\">Caracter\u00edsticas<\/span><\/strong><\/p>\n<ul>\n<li>Incluye cubierta de material Soft Touch Topsheet\u00ae;<\/li>\n<li>Posibilidad de personalizar con el logo de tu club\/academia y colores disponibles, previa solicitud de presupuesto;<\/li>\n<li>La presi\u00f3n\/suavidad del Airbag se puede cambiar r\u00e1pidamente para diferentes escenarios de entrenamiento;<\/li>\n<li>Portabilidad para espacios interiores y al aire libre;<\/li>\n<li>Montaje y desmontaje f\u00e1cil y pr\u00e1ctico;<\/li>\n<li>Espacio de almacenamiento reducido;<\/li>\n<li>Higi\u00e9nico y f\u00e1cil de limpiar;<\/li>\n<li>Motor el\u00e9ctrico incluido.<\/li>\n<\/ul>\n","protected":false},"excerpt":{"rendered":"<p>En t\u00e9rminos de salud, higiene, seguridad, frecuencia de salto y durabilidad, el Airbag BAGJUMP\u00ae es una alternativa muy inteligente. El Airbag se puede utilizar tanto en interiores como al aire libre en parques de trampol\u00ednes, gimnasios de acrobacia, academias de deportes de freestyle y mucho m\u00e1s. Motor el\u00e9ctrico incluido.<\/p>\n<p>&nbsp;<\/p>\n<p><strong>Transporte no incluido<\/strong><br \/>\n(precio de env\u00edo por definir).<\/p>\n","protected":false},"featured_media":93946,"template":"","meta":{"_et_pb_use_builder":"","_et_pb_old_content":"","_et_gb_content_width":""},"product_brand":[],"product_cat":[8118,8047,8116],"product_tag":[],"class_list":{"0":"post-93961","1":"product","2":"type-product","3":"status-publish","4":"has-post-thumbnail","6":"product_cat-bag-jump-es","7":"product_cat-gymnos-es","8":"product_cat-hinchables","10":"first","11":"onbackorder","12":"taxable","13":"shipping-taxable","14":"product-type-simple"},"_links":{"self":[{"href":"https:\/\/gymnos.pt\/es\/wp-json\/wp\/v2\/product\/93961","targetHints":{"allow":["GET"]}}],"collection":[{"href":"https:\/\/gymnos.pt\/es\/wp-json\/wp\/v2\/product"}],"about":[{"href":"https:\/\/gymnos.pt\/es\/wp-json\/wp\/v2\/types\/product"}],"wp:featuredmedia":[{"embeddable":true,"href":"https:\/\/gymnos.pt\/es\/wp-json\/wp\/v2\/media\/93946"}],"wp:attachment":[{"href":"https:\/\/gymnos.pt\/es\/wp-json\/wp\/v2\/media?parent=93961"}],"wp:term":[{"taxonomy":"product_brand","embeddable":true,"href":"https:\/\/gymnos.pt\/es\/wp-json\/wp\/v2\/product_brand?post=93961"},{"taxonomy":"product_cat","embeddable":true,"href":"https:\/\/gymnos.pt\/es\/wp-json\/wp\/v2\/product_cat?post=93961"},{"taxonomy":"product_tag","embeddable":true,"href":"https:\/\/gymnos.pt\/es\/wp-json\/wp\/v2\/product_tag?post=93961"}],"curies":[{"name":"wp","href":"https:\/\/api.w.org\/{rel}","templated":true}]}}