{"id":93587,"date":"2023-04-04T09:50:26","date_gmt":"2023-04-04T09:50:27","guid":{"rendered":"https:\/\/gymnos.pt\/?post_type=product&#038;p=93587"},"modified":"2026-02-06T15:58:24","modified_gmt":"2026-02-06T15:58:24","slug":"extension-de-espaldera","status":"publish","type":"product","link":"https:\/\/gymnos.pt\/es\/produto\/extension-de-espaldera\/","title":{"rendered":"EXTENSI\u00d3N DE ESPALDERA"},"content":{"rendered":"<p>* Esta extensi\u00f3n con barras de 18 mm y tama\u00f1o universal se adapta a cualquier espaldera.<\/p>\n<p>* De madera de haya.<\/p>\n<p>* El accesorio ideal para ejercicios de suspensi\u00f3n y dominadas.<\/p>\n<p>* Fotos meramente indicativas del producto.<\/p>\n","protected":false},"excerpt":{"rendered":"<p>Extensi\u00f3n de espaldera con barras de 18 mm y dimensi\u00f3n universal.<br \/>\nIdeal para ejercicios de suspensi\u00f3n y dominadas.<\/p>\n","protected":false},"featured_media":93590,"template":"","meta":{"_et_pb_use_builder":"","_et_pb_old_content":"","_et_gb_content_width":""},"product_brand":[],"product_cat":[8027,8047],"product_tag":[],"class_list":{"0":"post-93587","1":"product","2":"type-product","3":"status-publish","4":"has-post-thumbnail","6":"product_cat-acessorios-de-entrenamiento","7":"product_cat-gymnos-es","9":"first","10":"instock","11":"taxable","12":"shipping-taxable","13":"purchasable","14":"product-type-simple"},"_links":{"self":[{"href":"https:\/\/gymnos.pt\/es\/wp-json\/wp\/v2\/product\/93587","targetHints":{"allow":["GET"]}}],"collection":[{"href":"https:\/\/gymnos.pt\/es\/wp-json\/wp\/v2\/product"}],"about":[{"href":"https:\/\/gymnos.pt\/es\/wp-json\/wp\/v2\/types\/product"}],"wp:featuredmedia":[{"embeddable":true,"href":"https:\/\/gymnos.pt\/es\/wp-json\/wp\/v2\/media\/93590"}],"wp:attachment":[{"href":"https:\/\/gymnos.pt\/es\/wp-json\/wp\/v2\/media?parent=93587"}],"wp:term":[{"taxonomy":"product_brand","embeddable":true,"href":"https:\/\/gymnos.pt\/es\/wp-json\/wp\/v2\/product_brand?post=93587"},{"taxonomy":"product_cat","embeddable":true,"href":"https:\/\/gymnos.pt\/es\/wp-json\/wp\/v2\/product_cat?post=93587"},{"taxonomy":"product_tag","embeddable":true,"href":"https:\/\/gymnos.pt\/es\/wp-json\/wp\/v2\/product_tag?post=93587"}],"curies":[{"name":"wp","href":"https:\/\/api.w.org\/{rel}","templated":true}]}}