{"id":93561,"date":"2023-04-03T11:52:59","date_gmt":"2023-04-03T11:52:59","guid":{"rendered":"https:\/\/gymnos.pt\/?post_type=product&#038;p=93561"},"modified":"2023-04-04T11:01:23","modified_gmt":"2023-04-04T11:01:23","slug":"punos-de-equilibrio-53-cm-el-par","status":"publish","type":"product","link":"https:\/\/gymnos.pt\/es\/produto\/punos-de-equilibrio-53-cm-el-par\/","title":{"rendered":"PU\u00d1OS DE EQUILIBRIO 53 cm (El par)"},"content":{"rendered":"<p>* 2 Pu\u00f1os de equilibrio con 53 cm y 35 mm de di\u00e1metro.<\/p>\n<p>* De madera.<\/p>\n<p>* Permiten refuerzo muscular, el aprendizaje\/entreinamiento de Apoyo invertido, apoyo facial horizontal, Giros y mucho m\u00e1s.<\/p>\n<p>*\u00a0El reglaje de la distancia se hace en funci\u00f3n del gimnasta y del ejercicio practicado.<\/p>\n<p>* Transportes y almacenaje faciles.<\/p>\n<p>* Fotos meramente indicativas del producto.<\/p>\n","protected":false},"excerpt":{"rendered":"<p>Pu\u00f1os de equilibrio con 53 cm (Par).<br \/>\nPermiten refuerzo muscular, el aprendizaje\/entreinamiento de Apoyo invertido, apoyo facial horizontal, Giros y mucho m\u00e1s.<\/p>\n","protected":false},"featured_media":99355,"template":"","meta":{"_et_pb_use_builder":"","_et_pb_old_content":"","_et_gb_content_width":""},"product_brand":[],"product_cat":[8027,8047],"product_tag":[],"class_list":{"0":"post-93561","1":"product","2":"type-product","3":"status-publish","4":"has-post-thumbnail","6":"product_cat-acessorios-de-entrenamiento","7":"product_cat-gymnos-es","9":"first","10":"instock","11":"taxable","12":"shipping-taxable","13":"purchasable","14":"product-type-simple"},"_links":{"self":[{"href":"https:\/\/gymnos.pt\/es\/wp-json\/wp\/v2\/product\/93561","targetHints":{"allow":["GET"]}}],"collection":[{"href":"https:\/\/gymnos.pt\/es\/wp-json\/wp\/v2\/product"}],"about":[{"href":"https:\/\/gymnos.pt\/es\/wp-json\/wp\/v2\/types\/product"}],"wp:featuredmedia":[{"embeddable":true,"href":"https:\/\/gymnos.pt\/es\/wp-json\/wp\/v2\/media\/99355"}],"wp:attachment":[{"href":"https:\/\/gymnos.pt\/es\/wp-json\/wp\/v2\/media?parent=93561"}],"wp:term":[{"taxonomy":"product_brand","embeddable":true,"href":"https:\/\/gymnos.pt\/es\/wp-json\/wp\/v2\/product_brand?post=93561"},{"taxonomy":"product_cat","embeddable":true,"href":"https:\/\/gymnos.pt\/es\/wp-json\/wp\/v2\/product_cat?post=93561"},{"taxonomy":"product_tag","embeddable":true,"href":"https:\/\/gymnos.pt\/es\/wp-json\/wp\/v2\/product_tag?post=93561"}],"curies":[{"name":"wp","href":"https:\/\/api.w.org\/{rel}","templated":true}]}}