{"id":93052,"date":"2023-01-30T16:54:15","date_gmt":"2023-01-30T16:54:16","guid":{"rendered":"https:\/\/gymnos.pt\/?post_type=product&#038;p=93052"},"modified":"2026-02-06T15:22:50","modified_gmt":"2026-02-06T15:22:50","slug":"trampolin-reuther-basic","status":"publish","type":"product","link":"https:\/\/gymnos.pt\/es\/produto\/trampolin-reuther-basic\/","title":{"rendered":"Trampol\u00edn Reuther Basic"},"content":{"rendered":"<p>La base s\u00f3lida est\u00e1 fabricada con perfiles de acero recubiertos de polvo y equipada con pies antideslizantes que no dejan marcas.<\/p>\n<p>La superficie del trampol\u00edn est\u00e1 fabricada con contrachapado duro recubierto de moqueta.<\/p>\n<p>&nbsp;<\/p>\n","protected":false},"excerpt":{"rendered":"<p>Trampol\u00edn para ni\u00f1os con un peso de hasta 40 kg<br \/>\nDimensiones: 97 x 72 x 21 cm<br \/>\nMoqueta <span style=\"text-decoration: underline;\"><strong>AZUL<\/strong><\/span><\/p>\n","protected":false},"featured_media":93055,"template":"","meta":{"_et_pb_use_builder":"","_et_pb_old_content":"","_et_gb_content_width":""},"product_brand":[],"product_cat":[8027,8047],"product_tag":[],"class_list":{"0":"post-93052","1":"product","2":"type-product","3":"status-publish","4":"has-post-thumbnail","6":"product_cat-acessorios-de-entrenamiento","7":"product_cat-gymnos-es","9":"first","10":"instock","11":"taxable","12":"shipping-taxable","13":"purchasable","14":"product-type-simple"},"_links":{"self":[{"href":"https:\/\/gymnos.pt\/es\/wp-json\/wp\/v2\/product\/93052","targetHints":{"allow":["GET"]}}],"collection":[{"href":"https:\/\/gymnos.pt\/es\/wp-json\/wp\/v2\/product"}],"about":[{"href":"https:\/\/gymnos.pt\/es\/wp-json\/wp\/v2\/types\/product"}],"wp:featuredmedia":[{"embeddable":true,"href":"https:\/\/gymnos.pt\/es\/wp-json\/wp\/v2\/media\/93055"}],"wp:attachment":[{"href":"https:\/\/gymnos.pt\/es\/wp-json\/wp\/v2\/media?parent=93052"}],"wp:term":[{"taxonomy":"product_brand","embeddable":true,"href":"https:\/\/gymnos.pt\/es\/wp-json\/wp\/v2\/product_brand?post=93052"},{"taxonomy":"product_cat","embeddable":true,"href":"https:\/\/gymnos.pt\/es\/wp-json\/wp\/v2\/product_cat?post=93052"},{"taxonomy":"product_tag","embeddable":true,"href":"https:\/\/gymnos.pt\/es\/wp-json\/wp\/v2\/product_tag?post=93052"}],"curies":[{"name":"wp","href":"https:\/\/api.w.org\/{rel}","templated":true}]}}