{"id":92733,"date":"2022-12-16T12:03:57","date_gmt":"2022-12-16T12:03:57","guid":{"rendered":"https:\/\/gymnos.pt\/?post_type=product&#038;p=92733"},"modified":"2022-12-16T12:07:44","modified_gmt":"2022-12-16T12:07:44","slug":"funda-colchoneta-de-recepcion-400x200x10-cm","status":"publish","type":"product","link":"https:\/\/gymnos.pt\/es\/produto\/funda-colchoneta-de-recepcion-400x200x10-cm\/","title":{"rendered":"FUNDA PARA COLCHONETA DE RECEPCI\u00d3N 400x200x10 CM"},"content":{"rendered":"<p class=\"p1\"><span class=\"s1\"><strong><span class=\"s1\">*\u00a0Bajo pedido.<\/span><\/strong><\/span><\/p>\n<p><strong>*Despu\u00e9s de Finalizar la Compra, le enviaremos por correo electr\u00f3nico informaci\u00f3n sobre los costes de transporte.<\/strong><\/p>\n<p><strong>\u00a0<\/strong><\/p>\n","protected":false},"excerpt":{"rendered":"<p>Capa para colchoneta de ca\u00edda 400x200x10 cm en PVC, base antideslizante y laterales con tejido perforado y asas.<\/p>\n<p>Transporte no incluido (precio de env\u00edo a definir).<\/p>\n","protected":false},"featured_media":75115,"template":"","meta":{"_et_pb_use_builder":"","_et_pb_old_content":"","_et_gb_content_width":""},"product_brand":[],"product_cat":[8035,8047],"product_tag":[],"class_list":{"0":"post-92733","1":"product","2":"type-product","3":"status-publish","4":"has-post-thumbnail","6":"product_cat-fundas","7":"product_cat-gymnos-es","9":"first","10":"onbackorder","11":"taxable","12":"shipping-taxable","13":"product-type-simple"},"_links":{"self":[{"href":"https:\/\/gymnos.pt\/es\/wp-json\/wp\/v2\/product\/92733","targetHints":{"allow":["GET"]}}],"collection":[{"href":"https:\/\/gymnos.pt\/es\/wp-json\/wp\/v2\/product"}],"about":[{"href":"https:\/\/gymnos.pt\/es\/wp-json\/wp\/v2\/types\/product"}],"wp:featuredmedia":[{"embeddable":true,"href":"https:\/\/gymnos.pt\/es\/wp-json\/wp\/v2\/media\/75115"}],"wp:attachment":[{"href":"https:\/\/gymnos.pt\/es\/wp-json\/wp\/v2\/media?parent=92733"}],"wp:term":[{"taxonomy":"product_brand","embeddable":true,"href":"https:\/\/gymnos.pt\/es\/wp-json\/wp\/v2\/product_brand?post=92733"},{"taxonomy":"product_cat","embeddable":true,"href":"https:\/\/gymnos.pt\/es\/wp-json\/wp\/v2\/product_cat?post=92733"},{"taxonomy":"product_tag","embeddable":true,"href":"https:\/\/gymnos.pt\/es\/wp-json\/wp\/v2\/product_tag?post=92733"}],"curies":[{"name":"wp","href":"https:\/\/api.w.org\/{rel}","templated":true}]}}