{"id":92730,"date":"2022-12-16T11:34:57","date_gmt":"2022-12-16T11:34:57","guid":{"rendered":"https:\/\/gymnos.pt\/?post_type=product&#038;p=92730"},"modified":"2022-12-16T11:38:30","modified_gmt":"2022-12-16T11:38:30","slug":"funda-colchoneta-seguridad-trampolin-170x110x10-cm","status":"publish","type":"product","link":"https:\/\/gymnos.pt\/es\/produto\/funda-colchoneta-seguridad-trampolin-170x110x10-cm\/","title":{"rendered":"FUNDA PARA COLCHONETA SEGURIDAD TRAMPOL\u00cdN 170X110X10 CM"},"content":{"rendered":"<p class=\"p1\"><strong>*Despu\u00e9s de Finalizar la Compra le enviaremos, por correo electr\u00f3nico, informaci\u00f3n sobre los costes de transporte.<\/strong><\/p>\n<p><strong>\u00a0<\/strong><\/p>\n","protected":false},"excerpt":{"rendered":"<p>Funda para colchoneta de seguridad 170x110x10 cm para trampolines en PVC Premium y laterales en tela perforada lateral con asas.<\/p>\n<p>Transporte no incluido<br \/>\n(precio de env\u00edo a definir).<br \/>\nBajo pedido.<\/p>\n","protected":false},"featured_media":85934,"template":"","meta":{"_et_pb_use_builder":"","_et_pb_old_content":"","_et_gb_content_width":""},"product_brand":[],"product_cat":[8035,8047],"product_tag":[],"class_list":{"0":"post-92730","1":"product","2":"type-product","3":"status-publish","4":"has-post-thumbnail","6":"product_cat-fundas","7":"product_cat-gymnos-es","9":"first","10":"onbackorder","11":"taxable","12":"shipping-taxable","13":"product-type-simple"},"_links":{"self":[{"href":"https:\/\/gymnos.pt\/es\/wp-json\/wp\/v2\/product\/92730","targetHints":{"allow":["GET"]}}],"collection":[{"href":"https:\/\/gymnos.pt\/es\/wp-json\/wp\/v2\/product"}],"about":[{"href":"https:\/\/gymnos.pt\/es\/wp-json\/wp\/v2\/types\/product"}],"wp:featuredmedia":[{"embeddable":true,"href":"https:\/\/gymnos.pt\/es\/wp-json\/wp\/v2\/media\/85934"}],"wp:attachment":[{"href":"https:\/\/gymnos.pt\/es\/wp-json\/wp\/v2\/media?parent=92730"}],"wp:term":[{"taxonomy":"product_brand","embeddable":true,"href":"https:\/\/gymnos.pt\/es\/wp-json\/wp\/v2\/product_brand?post=92730"},{"taxonomy":"product_cat","embeddable":true,"href":"https:\/\/gymnos.pt\/es\/wp-json\/wp\/v2\/product_cat?post=92730"},{"taxonomy":"product_tag","embeddable":true,"href":"https:\/\/gymnos.pt\/es\/wp-json\/wp\/v2\/product_tag?post=92730"}],"curies":[{"name":"wp","href":"https:\/\/api.w.org\/{rel}","templated":true}]}}