{"id":92718,"date":"2022-12-16T11:20:04","date_gmt":"2022-12-16T11:20:04","guid":{"rendered":"https:\/\/gymnos.pt\/?post_type=product&#038;p=92718"},"modified":"2022-12-16T11:25:07","modified_gmt":"2022-12-16T11:25:07","slug":"funda-colchoneta-de-recepcion-200x100x10-cm","status":"publish","type":"product","link":"https:\/\/gymnos.pt\/es\/produto\/funda-colchoneta-de-recepcion-200x100x10-cm\/","title":{"rendered":"FUNDA PARA COLCHONETA DE RECEPCI\u00d3N 200x100x10 cm"},"content":{"rendered":"<p class=\"p1\"><strong>*Despu\u00e9s de Finalizar la Compra le enviaremos, por correo electr\u00f3nico, informaci\u00f3n sobre los costes de transporte.<\/strong><\/p>\n<p><strong>\u00a0<\/strong><\/p>\n","protected":false},"excerpt":{"rendered":"<p>Funda PVC Premium para colchonetas de recepci\u00f3n 200x100x10 cm, base antideslizante y laterales en tela perforada con asas.<\/p>\n<p>Transporte no incluido (precio de env\u00edo a definir).<\/p>\n","protected":false},"featured_media":71274,"template":"","meta":{"_et_pb_use_builder":"","_et_pb_old_content":"","_et_gb_content_width":""},"product_brand":[],"product_cat":[8035,8047],"product_tag":[],"class_list":{"0":"post-92718","1":"product","2":"type-product","3":"status-publish","4":"has-post-thumbnail","6":"product_cat-fundas","7":"product_cat-gymnos-es","9":"first","10":"onbackorder","11":"taxable","12":"shipping-taxable","13":"product-type-simple"},"_links":{"self":[{"href":"https:\/\/gymnos.pt\/es\/wp-json\/wp\/v2\/product\/92718","targetHints":{"allow":["GET"]}}],"collection":[{"href":"https:\/\/gymnos.pt\/es\/wp-json\/wp\/v2\/product"}],"about":[{"href":"https:\/\/gymnos.pt\/es\/wp-json\/wp\/v2\/types\/product"}],"wp:featuredmedia":[{"embeddable":true,"href":"https:\/\/gymnos.pt\/es\/wp-json\/wp\/v2\/media\/71274"}],"wp:attachment":[{"href":"https:\/\/gymnos.pt\/es\/wp-json\/wp\/v2\/media?parent=92718"}],"wp:term":[{"taxonomy":"product_brand","embeddable":true,"href":"https:\/\/gymnos.pt\/es\/wp-json\/wp\/v2\/product_brand?post=92718"},{"taxonomy":"product_cat","embeddable":true,"href":"https:\/\/gymnos.pt\/es\/wp-json\/wp\/v2\/product_cat?post=92718"},{"taxonomy":"product_tag","embeddable":true,"href":"https:\/\/gymnos.pt\/es\/wp-json\/wp\/v2\/product_tag?post=92718"}],"curies":[{"name":"wp","href":"https:\/\/api.w.org\/{rel}","templated":true}]}}