{"id":92483,"date":"2022-11-11T12:57:33","date_gmt":"2022-11-11T12:57:34","guid":{"rendered":"https:\/\/gymnos.pt\/?post_type=product&#038;p=92483"},"modified":"2025-06-05T11:58:55","modified_gmt":"2025-06-05T11:58:55","slug":"colchoneta-seguridad-trampolin-175x125x14-cm","status":"publish","type":"product","link":"https:\/\/gymnos.pt\/es\/produto\/colchoneta-seguridad-trampolin-175x125x14-cm\/","title":{"rendered":"COLCHONETA SEGURIDAD TRAMPOL\u00cdN 175x125x14 CM"},"content":{"rendered":"<p class=\"p1\"><strong>*Despu\u00e9s de Finalizar la Compra le enviaremos, por correo electr\u00f3nico, informaci\u00f3n sobre los costes de transporte.<\/strong><\/p>\n<p><strong>\u00a0<\/strong><\/p>\n","protected":false},"excerpt":{"rendered":"<p>Colch\u00f3n de seguridad 175x125x14 cm para trampolines en PVC Premium con doble costura gracias a la nueva costura exterior, base antideslizante y laterales en tejido perforado con asas. Dens.: 20 Kg\/m3.<\/p>\n<p>Transporte no incluido<br \/>\n(precio de env\u00edo a definir)<\/p>\n","protected":false},"featured_media":93780,"template":"","meta":{"_et_pb_use_builder":"","_et_pb_old_content":"","_et_gb_content_width":""},"product_brand":[],"product_cat":[8144,8039,8047],"product_tag":[],"class_list":{"0":"post-92483","1":"product","2":"type-product","3":"status-publish","4":"has-post-thumbnail","6":"product_cat-colchones-de-caida","7":"product_cat-colchonetas","8":"product_cat-gymnos-es","10":"first","11":"onbackorder","12":"taxable","13":"shipping-taxable","14":"purchasable","15":"product-type-simple"},"_links":{"self":[{"href":"https:\/\/gymnos.pt\/es\/wp-json\/wp\/v2\/product\/92483","targetHints":{"allow":["GET"]}}],"collection":[{"href":"https:\/\/gymnos.pt\/es\/wp-json\/wp\/v2\/product"}],"about":[{"href":"https:\/\/gymnos.pt\/es\/wp-json\/wp\/v2\/types\/product"}],"wp:featuredmedia":[{"embeddable":true,"href":"https:\/\/gymnos.pt\/es\/wp-json\/wp\/v2\/media\/93780"}],"wp:attachment":[{"href":"https:\/\/gymnos.pt\/es\/wp-json\/wp\/v2\/media?parent=92483"}],"wp:term":[{"taxonomy":"product_brand","embeddable":true,"href":"https:\/\/gymnos.pt\/es\/wp-json\/wp\/v2\/product_brand?post=92483"},{"taxonomy":"product_cat","embeddable":true,"href":"https:\/\/gymnos.pt\/es\/wp-json\/wp\/v2\/product_cat?post=92483"},{"taxonomy":"product_tag","embeddable":true,"href":"https:\/\/gymnos.pt\/es\/wp-json\/wp\/v2\/product_tag?post=92483"}],"curies":[{"name":"wp","href":"https:\/\/api.w.org\/{rel}","templated":true}]}}