{"id":92476,"date":"2022-11-11T12:47:28","date_gmt":"2022-11-11T12:47:29","guid":{"rendered":"https:\/\/gymnos.pt\/?post_type=product&#038;p=92476"},"modified":"2025-11-10T12:10:36","modified_gmt":"2025-11-10T12:10:36","slug":"colchoneta-de-caida-200x150x65-cm","status":"publish","type":"product","link":"https:\/\/gymnos.pt\/es\/produto\/colchoneta-de-caida-200x150x65-cm\/","title":{"rendered":"COLCHONETA DE CA\u00cdDA 200x150x65 cm"},"content":{"rendered":"<p><strong>Despu\u00e9s de completar la compra, enviaremos informaci\u00f3n sobre los costos de env\u00edo por correo electr\u00f3nico.<\/strong><\/p>\n<p><span style=\"color: #ff0000;\"><strong>\u00a1COLCHONES 100% GYMNOS!<\/strong><\/span><\/p>\n<p>Producidos en su totalidad en nuestras instalaciones con un enfoque en la calidad y con las siguientes caracter\u00edsticas:<\/p>\n<ul>\n<li>Espuma de alta calidad super suave para mayor confort.<\/li>\n<li>Parte superior cubierta de tejido el\u00e1stico de jersey o lona de PVC para absorber mejor los impactos.<\/li>\n<li>Laterales de lona de PVC de 610 g\/m\u00b2 y\/o lona de PVC perforada para salida de aire y mayor durabilidad.<\/li>\n<li>Base de lona de PVC antideslizante de 560 g\/m\u00b2 para mejor adherencia.<\/li>\n<li>Costura doble para mayor resistencia.<\/li>\n<li>Cremallera para f\u00e1cil reparaci\u00f3n de la funda o reemplazo de la espuma.<\/li>\n<li>Asas para f\u00e1cil transporte.<\/li>\n<\/ul>\n<p><strong>Dimensiones: 200x150x65 cm<\/strong><\/p>\n","protected":false},"excerpt":{"rendered":"<p><strong>Dimensiones: 200x150x65 cm<br \/>\n<\/strong><\/p>\n<p>Transporte no incluido<br \/>\n(precio de env\u00edo por definir).<\/p>\n","protected":false},"featured_media":99073,"template":"","meta":{"_et_pb_use_builder":"","_et_pb_old_content":"","_et_gb_content_width":""},"product_brand":[],"product_cat":[8144,8039,8047],"product_tag":[],"class_list":{"0":"post-92476","1":"product","2":"type-product","3":"status-publish","4":"has-post-thumbnail","6":"product_cat-colchones-de-caida","7":"product_cat-colchonetas","8":"product_cat-gymnos-es","10":"first","11":"instock","12":"taxable","13":"shipping-taxable","14":"purchasable","15":"product-type-simple"},"_links":{"self":[{"href":"https:\/\/gymnos.pt\/es\/wp-json\/wp\/v2\/product\/92476","targetHints":{"allow":["GET"]}}],"collection":[{"href":"https:\/\/gymnos.pt\/es\/wp-json\/wp\/v2\/product"}],"about":[{"href":"https:\/\/gymnos.pt\/es\/wp-json\/wp\/v2\/types\/product"}],"wp:featuredmedia":[{"embeddable":true,"href":"https:\/\/gymnos.pt\/es\/wp-json\/wp\/v2\/media\/99073"}],"wp:attachment":[{"href":"https:\/\/gymnos.pt\/es\/wp-json\/wp\/v2\/media?parent=92476"}],"wp:term":[{"taxonomy":"product_brand","embeddable":true,"href":"https:\/\/gymnos.pt\/es\/wp-json\/wp\/v2\/product_brand?post=92476"},{"taxonomy":"product_cat","embeddable":true,"href":"https:\/\/gymnos.pt\/es\/wp-json\/wp\/v2\/product_cat?post=92476"},{"taxonomy":"product_tag","embeddable":true,"href":"https:\/\/gymnos.pt\/es\/wp-json\/wp\/v2\/product_tag?post=92476"}],"curies":[{"name":"wp","href":"https:\/\/api.w.org\/{rel}","templated":true}]}}