{"id":92451,"date":"2022-11-11T12:33:03","date_gmt":"2022-11-11T12:33:05","guid":{"rendered":"https:\/\/gymnos.pt\/?post_type=product&#038;p=92451"},"modified":"2025-11-17T18:03:53","modified_gmt":"2025-11-17T18:03:53","slug":"colchoneta-de-caida-200x120x20","status":"publish","type":"product","link":"https:\/\/gymnos.pt\/es\/produto\/colchoneta-de-caida-200x120x20\/","title":{"rendered":"COLCHONETA DE CA\u00cdDA 200x120x20 cm"},"content":{"rendered":"<p class=\"p1\"><strong>*Despu\u00e9s de Finalizar la Compra le enviaremos, por correo electr\u00f3nico, informaci\u00f3n sobre los costes de transporte.<\/strong><\/p>\n<p><strong>\u00a0<\/strong><\/p>\n","protected":false},"excerpt":{"rendered":"<p>Colchoneta de ca\u00edda 200x120x20 cm en PVC, base antideslizante y laterales con tejido perforado y asas.<br \/>\nTransporte no incluido (precio de env\u00edo a definir).<\/p>\n","protected":false},"featured_media":99085,"template":"","meta":{"_et_pb_use_builder":"","_et_pb_old_content":"","_et_gb_content_width":""},"product_brand":[],"product_cat":[8144,8039,8047],"product_tag":[],"class_list":{"0":"post-92451","1":"product","2":"type-product","3":"status-publish","4":"has-post-thumbnail","6":"product_cat-colchones-de-caida","7":"product_cat-colchonetas","8":"product_cat-gymnos-es","10":"first","11":"instock","12":"taxable","13":"shipping-taxable","14":"purchasable","15":"product-type-simple"},"_links":{"self":[{"href":"https:\/\/gymnos.pt\/es\/wp-json\/wp\/v2\/product\/92451","targetHints":{"allow":["GET"]}}],"collection":[{"href":"https:\/\/gymnos.pt\/es\/wp-json\/wp\/v2\/product"}],"about":[{"href":"https:\/\/gymnos.pt\/es\/wp-json\/wp\/v2\/types\/product"}],"wp:featuredmedia":[{"embeddable":true,"href":"https:\/\/gymnos.pt\/es\/wp-json\/wp\/v2\/media\/99085"}],"wp:attachment":[{"href":"https:\/\/gymnos.pt\/es\/wp-json\/wp\/v2\/media?parent=92451"}],"wp:term":[{"taxonomy":"product_brand","embeddable":true,"href":"https:\/\/gymnos.pt\/es\/wp-json\/wp\/v2\/product_brand?post=92451"},{"taxonomy":"product_cat","embeddable":true,"href":"https:\/\/gymnos.pt\/es\/wp-json\/wp\/v2\/product_cat?post=92451"},{"taxonomy":"product_tag","embeddable":true,"href":"https:\/\/gymnos.pt\/es\/wp-json\/wp\/v2\/product_tag?post=92451"}],"curies":[{"name":"wp","href":"https:\/\/api.w.org\/{rel}","templated":true}]}}