{"id":92420,"date":"2022-11-09T12:15:24","date_gmt":"2022-11-09T12:15:25","guid":{"rendered":"https:\/\/gymnos.pt\/?post_type=product&#038;p=92420"},"modified":"2024-07-18T11:08:44","modified_gmt":"2024-07-18T11:08:44","slug":"cama-rebound-7x14","status":"publish","type":"product","link":"https:\/\/gymnos.pt\/es\/produto\/cama-rebound-7x14\/","title":{"rendered":"CAMA REBOUND 7&#215;14"},"content":{"rendered":"<p>La parte m\u00e1s importante que afecta el rendimiento de un trampol\u00edn es la cama. <strong>Rebound Products (Canad\u00e1)<\/strong> se ha esforzado desde 1980 en un desarrollo constante, para fabricar las mejores camas el\u00e1sticas. El objetivo ha sido producir un producto duradero con un rendimiento competitivo y una estabilidad superior.<\/p>\n<p>La cama de competici\u00f3n de cuerdas de 7&#215;14, producida por <strong>Rebound Products<\/strong>, tiene una potencia y sensaci\u00f3n similares a las lonas de cintas de 4 mm actuales, pero al mismo tiempo mantiene la vida \u00fatil superior y la estabilidad de las lonas de cuerdas.<\/p>\n<p>El actual cama de cuerdas de 7&#215;14 es compatible con los 118 muelles\u00a0y el tama\u00f1o del marco de las camas el\u00e1sticas de competici\u00f3n <strong>Ultimate<\/strong> de Eurotramp.<\/p>\n","protected":false},"excerpt":{"rendered":"<p>\u21d2 Cama de competici\u00f3n de cuerdas de 7&#215;14, producida por <strong>Rebound Products (Canad\u00e1)<\/strong>.<\/p>\n<p>\u21d2 Compatible con los 118 muelles y el tama\u00f1o del marco de las camas el\u00e1sticas de competici\u00f3n <strong>Ultimate<\/strong> de Eurotramp.<\/p>\n<p>&nbsp;<\/p>\n","protected":false},"featured_media":96060,"template":"","meta":{"_et_pb_use_builder":"off","_et_pb_old_content":"","_et_gb_content_width":""},"product_brand":[],"product_cat":[8033,8045],"product_tag":[],"class_list":{"0":"post-92420","1":"product","2":"type-product","3":"status-publish","4":"has-post-thumbnail","6":"product_cat-aparatos","7":"product_cat-eurotramp-es","9":"first","10":"instock","11":"taxable","12":"shipping-taxable","13":"purchasable","14":"product-type-simple"},"_links":{"self":[{"href":"https:\/\/gymnos.pt\/es\/wp-json\/wp\/v2\/product\/92420","targetHints":{"allow":["GET"]}}],"collection":[{"href":"https:\/\/gymnos.pt\/es\/wp-json\/wp\/v2\/product"}],"about":[{"href":"https:\/\/gymnos.pt\/es\/wp-json\/wp\/v2\/types\/product"}],"wp:featuredmedia":[{"embeddable":true,"href":"https:\/\/gymnos.pt\/es\/wp-json\/wp\/v2\/media\/96060"}],"wp:attachment":[{"href":"https:\/\/gymnos.pt\/es\/wp-json\/wp\/v2\/media?parent=92420"}],"wp:term":[{"taxonomy":"product_brand","embeddable":true,"href":"https:\/\/gymnos.pt\/es\/wp-json\/wp\/v2\/product_brand?post=92420"},{"taxonomy":"product_cat","embeddable":true,"href":"https:\/\/gymnos.pt\/es\/wp-json\/wp\/v2\/product_cat?post=92420"},{"taxonomy":"product_tag","embeddable":true,"href":"https:\/\/gymnos.pt\/es\/wp-json\/wp\/v2\/product_tag?post=92420"}],"curies":[{"name":"wp","href":"https:\/\/api.w.org\/{rel}","templated":true}]}}