{"id":90144,"date":"2022-04-27T11:18:36","date_gmt":"2022-04-27T11:19:53","guid":{"rendered":"https:\/\/gymnos.pt\/?post_type=product&#038;p=90144"},"modified":"2024-03-14T17:27:07","modified_gmt":"2024-03-14T17:27:07","slug":"plinto-con-5-segmentos","status":"publish","type":"product","link":"https:\/\/gymnos.pt\/es\/produto\/plinto-con-5-segmentos\/","title":{"rendered":"Plinto con 5 Segmentos"},"content":{"rendered":"<p>El Plinto est\u00e1 destinado a ejercicios de desarrollo general y deber\u00eda formar parte del equipamiento de los gimnasios deportivos.<\/p>\n<p>Este Plinto est\u00e1 fabricado con materiales de alta calidad y est\u00e1 equipado con pies antideslizantes que garantizan la estabilidad durante el ejercicio y protegen el suelo de posibles da\u00f1os.<\/p>\n<p>Carro de transporte no incluido.<\/p>\n<p><strong>DESPU\u00c9S DE FINALIZAR LA COMPRA LE ENVIAREMOS INFORMACI\u00d3N SOBRE LOS GASTOS DE ENV\u00cdO, POR CORREO ELECTR\u00d3NICO.<\/strong><\/p>\n<p>&nbsp;<\/p>\n<p>&nbsp;<\/p>\n","protected":false},"excerpt":{"rendered":"<p>Plinto con 5 segmentos en conformidad con la norma EN916 requerida por los certificados de seguridad.<\/p>\n<p>Dimensiones: 130&#215;75\/45&#215;110 cm<\/p>\n<p>(Precio de env\u00edo por determinar)<\/p>\n","protected":false},"featured_media":90204,"template":"","meta":{"_et_pb_use_builder":"off","_et_pb_old_content":"","_et_gb_content_width":""},"product_brand":[],"product_cat":[8027,8047],"product_tag":[],"class_list":{"0":"post-90144","1":"product","2":"type-product","3":"status-publish","4":"has-post-thumbnail","6":"product_cat-acessorios-de-entrenamiento","7":"product_cat-gymnos-es","9":"first","10":"outofstock","11":"taxable","12":"shipping-taxable","13":"product-type-simple"},"_links":{"self":[{"href":"https:\/\/gymnos.pt\/es\/wp-json\/wp\/v2\/product\/90144","targetHints":{"allow":["GET"]}}],"collection":[{"href":"https:\/\/gymnos.pt\/es\/wp-json\/wp\/v2\/product"}],"about":[{"href":"https:\/\/gymnos.pt\/es\/wp-json\/wp\/v2\/types\/product"}],"wp:featuredmedia":[{"embeddable":true,"href":"https:\/\/gymnos.pt\/es\/wp-json\/wp\/v2\/media\/90204"}],"wp:attachment":[{"href":"https:\/\/gymnos.pt\/es\/wp-json\/wp\/v2\/media?parent=90144"}],"wp:term":[{"taxonomy":"product_brand","embeddable":true,"href":"https:\/\/gymnos.pt\/es\/wp-json\/wp\/v2\/product_brand?post=90144"},{"taxonomy":"product_cat","embeddable":true,"href":"https:\/\/gymnos.pt\/es\/wp-json\/wp\/v2\/product_cat?post=90144"},{"taxonomy":"product_tag","embeddable":true,"href":"https:\/\/gymnos.pt\/es\/wp-json\/wp\/v2\/product_tag?post=90144"}],"curies":[{"name":"wp","href":"https:\/\/api.w.org\/{rel}","templated":true}]}}