{"id":90125,"date":"2022-04-19T10:52:45","date_gmt":"2022-04-19T10:52:46","guid":{"rendered":"https:\/\/gymnos.pt\/?post_type=product&#038;p=90125"},"modified":"2026-02-06T15:14:02","modified_gmt":"2026-02-06T15:14:02","slug":"trampolin-reuther-standard-copia","status":"publish","type":"product","link":"https:\/\/gymnos.pt\/es\/produto\/trampolin-reuther-standard-copia\/","title":{"rendered":"Trampol\u00edn Reuther Standard Plus"},"content":{"rendered":"<p>El trampol\u00edn se caracteriza por una excelente din\u00e1mica, adecuada para el entrenamiento y los deportes de club.<\/p>\n<p>Especialmente dise\u00f1ado para aumentar la flexibilidad, asegurar una buena elasticidad y un rebote din\u00e1mico.<\/p>\n<p>Cubierto con una moqueta de espuma que proporciona una excelente absorci\u00f3n de los impactos.<\/p>\n<p>Tiene pies antideslizantes que no dejan marcas.<\/p>\n","protected":false},"excerpt":{"rendered":"<p>Dimensiones: 120 x 60 x 21 cm<br \/>\nMoqueta <span style=\"text-decoration: underline;\"><strong>AZUL<\/strong><\/span><\/p>\n","protected":false},"featured_media":93049,"template":"","meta":{"_et_pb_use_builder":"","_et_pb_old_content":"","_et_gb_content_width":""},"product_brand":[],"product_cat":[8027,8047],"product_tag":[],"class_list":{"0":"post-90125","1":"product","2":"type-product","3":"status-publish","4":"has-post-thumbnail","6":"product_cat-acessorios-de-entrenamiento","7":"product_cat-gymnos-es","9":"first","10":"instock","11":"taxable","12":"shipping-taxable","13":"purchasable","14":"product-type-simple"},"_links":{"self":[{"href":"https:\/\/gymnos.pt\/es\/wp-json\/wp\/v2\/product\/90125","targetHints":{"allow":["GET"]}}],"collection":[{"href":"https:\/\/gymnos.pt\/es\/wp-json\/wp\/v2\/product"}],"about":[{"href":"https:\/\/gymnos.pt\/es\/wp-json\/wp\/v2\/types\/product"}],"wp:featuredmedia":[{"embeddable":true,"href":"https:\/\/gymnos.pt\/es\/wp-json\/wp\/v2\/media\/93049"}],"wp:attachment":[{"href":"https:\/\/gymnos.pt\/es\/wp-json\/wp\/v2\/media?parent=90125"}],"wp:term":[{"taxonomy":"product_brand","embeddable":true,"href":"https:\/\/gymnos.pt\/es\/wp-json\/wp\/v2\/product_brand?post=90125"},{"taxonomy":"product_cat","embeddable":true,"href":"https:\/\/gymnos.pt\/es\/wp-json\/wp\/v2\/product_cat?post=90125"},{"taxonomy":"product_tag","embeddable":true,"href":"https:\/\/gymnos.pt\/es\/wp-json\/wp\/v2\/product_tag?post=90125"}],"curies":[{"name":"wp","href":"https:\/\/api.w.org\/{rel}","templated":true}]}}