{"id":90122,"date":"2022-04-27T08:45:24","date_gmt":"2022-04-27T08:47:02","guid":{"rendered":"https:\/\/gymnos.pt\/?post_type=product&#038;p=90122"},"modified":"2026-02-06T15:11:39","modified_gmt":"2026-02-06T15:11:39","slug":"trampolin-reuther-standard","status":"publish","type":"product","link":"https:\/\/gymnos.pt\/es\/produto\/trampolin-reuther-standard\/","title":{"rendered":"Trampol\u00edn Reuther Standard"},"content":{"rendered":"<p>Trampol\u00edn de entrenamiento para ni\u00f1os y j\u00f3venes.<\/p>\n<p>La placa superior, el muelle y las patas est\u00e1n especialmente fabricados para proporcionar\u00a0 elasticidad y rebote adecuados.<\/p>\n<p>Tiene pies antideslizantes que no dejan marcas.<\/p>\n","protected":false},"excerpt":{"rendered":"<p>Dimensiones: 120 x 60 x 15 cm<br \/>\nMoqueta <strong><span style=\"text-decoration: underline;\">AZUL<\/span><\/strong><\/p>\n","protected":false},"featured_media":93046,"template":"","meta":{"_et_pb_use_builder":"","_et_pb_old_content":"","_et_gb_content_width":""},"product_brand":[],"product_cat":[8027,8047],"product_tag":[],"class_list":{"0":"post-90122","1":"product","2":"type-product","3":"status-publish","4":"has-post-thumbnail","6":"product_cat-acessorios-de-entrenamiento","7":"product_cat-gymnos-es","9":"first","10":"instock","11":"taxable","12":"shipping-taxable","13":"purchasable","14":"product-type-simple"},"_links":{"self":[{"href":"https:\/\/gymnos.pt\/es\/wp-json\/wp\/v2\/product\/90122","targetHints":{"allow":["GET"]}}],"collection":[{"href":"https:\/\/gymnos.pt\/es\/wp-json\/wp\/v2\/product"}],"about":[{"href":"https:\/\/gymnos.pt\/es\/wp-json\/wp\/v2\/types\/product"}],"wp:featuredmedia":[{"embeddable":true,"href":"https:\/\/gymnos.pt\/es\/wp-json\/wp\/v2\/media\/93046"}],"wp:attachment":[{"href":"https:\/\/gymnos.pt\/es\/wp-json\/wp\/v2\/media?parent=90122"}],"wp:term":[{"taxonomy":"product_brand","embeddable":true,"href":"https:\/\/gymnos.pt\/es\/wp-json\/wp\/v2\/product_brand?post=90122"},{"taxonomy":"product_cat","embeddable":true,"href":"https:\/\/gymnos.pt\/es\/wp-json\/wp\/v2\/product_cat?post=90122"},{"taxonomy":"product_tag","embeddable":true,"href":"https:\/\/gymnos.pt\/es\/wp-json\/wp\/v2\/product_tag?post=90122"}],"curies":[{"name":"wp","href":"https:\/\/api.w.org\/{rel}","templated":true}]}}