{"id":90076,"date":"2022-04-13T12:01:34","date_gmt":"2023-06-23T10:31:31","guid":{"rendered":"https:\/\/gymnos.pt\/?post_type=product&#038;p=90076"},"modified":"2025-05-29T11:43:04","modified_gmt":"2025-05-29T11:43:04","slug":"modulo-de-espuma-medio-cilindro","status":"publish","type":"product","link":"https:\/\/gymnos.pt\/es\/produto\/modulo-de-espuma-medio-cilindro\/","title":{"rendered":"MEDIO CILINDRO 150x50x20 cm"},"content":{"rendered":"<p><strong><em>Despu\u00e9s de completar la compra, enviaremos por correo electr\u00f3nico informaci\u00f3n sobre los costos de transporte.<\/em><\/strong><\/p>\n<p><strong><span style=\"color: #ff0000;\">M\u00d3DULO 100% GYMNOS!!!<\/span><\/strong><\/p>\n<ul>\n<li>Espuma de alta densidad 23Kg\/m3 (23RH).<\/li>\n<li>Base de tela de PVC antideslizante de 600 g\/m2 para mayor agarre.<\/li>\n<li>Piezas cosidas con hilo de poli\u00e9ster de alta resistencia, con un proceso que oculta el cursor de la cremallera, impidiendo el acceso de los ni\u00f1os al interior de las piezas.<\/li>\n<\/ul>\n<p><strong>Dimensiones: 150x50x20 cm<\/strong><\/p>\n","protected":false},"excerpt":{"rendered":"<p><strong>Dimensiones: 150x50x20 cm<\/strong><\/p>\n<p>Transporte no incluido<br \/>\n(precio de env\u00edo a definir).<\/p>\n","protected":false},"featured_media":99134,"template":"","meta":{"_et_pb_use_builder":"","_et_pb_old_content":"","_et_gb_content_width":""},"product_brand":[],"product_cat":[8039,8047,8055],"product_tag":[],"class_list":{"0":"post-90076","1":"product","2":"type-product","3":"status-publish","4":"has-post-thumbnail","6":"product_cat-colchonetas","7":"product_cat-gymnos-es","8":"product_cat-modulos-es","10":"first","11":"instock","12":"taxable","13":"shipping-taxable","14":"purchasable","15":"product-type-simple"},"_links":{"self":[{"href":"https:\/\/gymnos.pt\/es\/wp-json\/wp\/v2\/product\/90076","targetHints":{"allow":["GET"]}}],"collection":[{"href":"https:\/\/gymnos.pt\/es\/wp-json\/wp\/v2\/product"}],"about":[{"href":"https:\/\/gymnos.pt\/es\/wp-json\/wp\/v2\/types\/product"}],"wp:featuredmedia":[{"embeddable":true,"href":"https:\/\/gymnos.pt\/es\/wp-json\/wp\/v2\/media\/99134"}],"wp:attachment":[{"href":"https:\/\/gymnos.pt\/es\/wp-json\/wp\/v2\/media?parent=90076"}],"wp:term":[{"taxonomy":"product_brand","embeddable":true,"href":"https:\/\/gymnos.pt\/es\/wp-json\/wp\/v2\/product_brand?post=90076"},{"taxonomy":"product_cat","embeddable":true,"href":"https:\/\/gymnos.pt\/es\/wp-json\/wp\/v2\/product_cat?post=90076"},{"taxonomy":"product_tag","embeddable":true,"href":"https:\/\/gymnos.pt\/es\/wp-json\/wp\/v2\/product_tag?post=90076"}],"curies":[{"name":"wp","href":"https:\/\/api.w.org\/{rel}","templated":true}]}}