{"id":89765,"date":"2022-04-01T10:39:30","date_gmt":"2022-04-01T10:44:28","guid":{"rendered":"https:\/\/gymnos.pt\/?post_type=product&#038;p=89765"},"modified":"2024-07-18T10:39:10","modified_gmt":"2024-07-18T10:39:10","slug":"pista-de-ejecucion-enrollable-1200-x-200-x-35-cm","status":"publish","type":"product","link":"https:\/\/gymnos.pt\/es\/produto\/pista-de-ejecucion-enrollable-1200-x-200-x-35-cm\/","title":{"rendered":"PISTA DE EJECUCI\u00d3N ENROLLABLE &#8211; 1200 X 200 X 3,5 CM"},"content":{"rendered":"<p>La pista de ejecuci\u00f3n permite crear una zona de ejecuci\u00f3n para el aprendizaje de la gimnasia en escuelas. Es enrollable y se coloca y se ordena con facilidad para adaptarse a los gimnasios municipales.<\/p>\n<p>&#8211; Dimensiones: 1200 x 200 x 3,5\u00a0cm (L x An x Al)<\/p>\n<p>&#8211; Dimensiones enrollada en cm: 200 x 100\u00a0cm (Al x \u00d8)<\/p>\n<p>&#8211; Peso: 48\u00a0kg<\/p>\n<p>&#8211; Fabricada en espuma de polietileno din\u00e1mica y ultraligera<\/p>\n<p>&#8211; Parte inferior antideslizante que permite inmovilizar la pista durante los ejercicios<\/p>\n","protected":false},"excerpt":{"rendered":"<p>La pista de ejecuci\u00f3n permite crear una zona de ejecuci\u00f3n para el aprendizaje de la gimnasia en escuelas. Es enrollable y se coloca y se ordena con facilidad para adaptarse a los gimnasios municipales. &#8211; Dimensiones: 1200 x 200 x 3,5\u00a0cm (L x An x Al) &#8211; Dimensiones enrollada en cm: 200 x 100\u00a0cm (Al [&hellip;]<\/p>\n","protected":false},"featured_media":89760,"template":"","meta":{"_et_pb_use_builder":"","_et_pb_old_content":"","_et_gb_content_width":""},"product_brand":[],"product_cat":[8049,8059],"product_tag":[],"class_list":{"0":"post-89765","1":"product","2":"type-product","3":"status-publish","4":"has-post-thumbnail","6":"product_cat-gymnova-es","7":"product_cat-praticables","9":"first","10":"outofstock","11":"taxable","12":"shipping-taxable","13":"product-type-simple"},"_links":{"self":[{"href":"https:\/\/gymnos.pt\/es\/wp-json\/wp\/v2\/product\/89765","targetHints":{"allow":["GET"]}}],"collection":[{"href":"https:\/\/gymnos.pt\/es\/wp-json\/wp\/v2\/product"}],"about":[{"href":"https:\/\/gymnos.pt\/es\/wp-json\/wp\/v2\/types\/product"}],"wp:featuredmedia":[{"embeddable":true,"href":"https:\/\/gymnos.pt\/es\/wp-json\/wp\/v2\/media\/89760"}],"wp:attachment":[{"href":"https:\/\/gymnos.pt\/es\/wp-json\/wp\/v2\/media?parent=89765"}],"wp:term":[{"taxonomy":"product_brand","embeddable":true,"href":"https:\/\/gymnos.pt\/es\/wp-json\/wp\/v2\/product_brand?post=89765"},{"taxonomy":"product_cat","embeddable":true,"href":"https:\/\/gymnos.pt\/es\/wp-json\/wp\/v2\/product_cat?post=89765"},{"taxonomy":"product_tag","embeddable":true,"href":"https:\/\/gymnos.pt\/es\/wp-json\/wp\/v2\/product_tag?post=89765"}],"curies":[{"name":"wp","href":"https:\/\/api.w.org\/{rel}","templated":true}]}}