{"id":89707,"date":"2022-04-19T09:48:22","date_gmt":"2022-04-19T09:50:50","guid":{"rendered":"https:\/\/gymnos.pt\/?post_type=product&#038;p=89707"},"modified":"2025-05-29T11:43:03","modified_gmt":"2025-05-29T11:43:03","slug":"bloque-de-espuma-caballo-de-saltos","status":"publish","type":"product","link":"https:\/\/gymnos.pt\/es\/produto\/bloque-de-espuma-caballo-de-saltos\/","title":{"rendered":"BLOQUE CABALLO DE SALTOS 120x60x80 cm"},"content":{"rendered":"<p><strong><em>Despu\u00e9s de completar la compra, enviaremos por correo electr\u00f3nico informaci\u00f3n sobre los costos de transporte.<\/em><\/strong><\/p>\n<p><strong><span style=\"color: #ff0000;\">M\u00d3DULO 100% GYMNOS!!!<\/span><\/strong><\/p>\n<ul>\n<li>Espuma de alta densidad 23Kg\/m3 (23RH).<\/li>\n<li>Base de tela de PVC antideslizante de 600 g\/m2 para mayor agarre.<\/li>\n<li>Piezas cosidas con hilo de poli\u00e9ster de alta resistencia, con un proceso que oculta el cursor de la cremallera, impidiendo el acceso de los ni\u00f1os al interior de las piezas.<\/li>\n<\/ul>\n<p><strong>Dimensiones: 120x60x80 cm<\/strong><\/p>\n","protected":false},"excerpt":{"rendered":"<p><strong>Dimensiones: 120x60x80 cm<\/strong><\/p>\n<p>Transporte no incluido<br \/>\n(precio de env\u00edo a definir).<\/p>\n","protected":false},"featured_media":99884,"template":"","meta":{"_et_pb_use_builder":"","_et_pb_old_content":"","_et_gb_content_width":""},"product_brand":[],"product_cat":[8047,8055],"product_tag":[],"class_list":{"0":"post-89707","1":"product","2":"type-product","3":"status-publish","4":"has-post-thumbnail","6":"product_cat-gymnos-es","7":"product_cat-modulos-es","9":"first","10":"instock","11":"taxable","12":"shipping-taxable","13":"purchasable","14":"product-type-simple"},"_links":{"self":[{"href":"https:\/\/gymnos.pt\/es\/wp-json\/wp\/v2\/product\/89707","targetHints":{"allow":["GET"]}}],"collection":[{"href":"https:\/\/gymnos.pt\/es\/wp-json\/wp\/v2\/product"}],"about":[{"href":"https:\/\/gymnos.pt\/es\/wp-json\/wp\/v2\/types\/product"}],"wp:featuredmedia":[{"embeddable":true,"href":"https:\/\/gymnos.pt\/es\/wp-json\/wp\/v2\/media\/99884"}],"wp:attachment":[{"href":"https:\/\/gymnos.pt\/es\/wp-json\/wp\/v2\/media?parent=89707"}],"wp:term":[{"taxonomy":"product_brand","embeddable":true,"href":"https:\/\/gymnos.pt\/es\/wp-json\/wp\/v2\/product_brand?post=89707"},{"taxonomy":"product_cat","embeddable":true,"href":"https:\/\/gymnos.pt\/es\/wp-json\/wp\/v2\/product_cat?post=89707"},{"taxonomy":"product_tag","embeddable":true,"href":"https:\/\/gymnos.pt\/es\/wp-json\/wp\/v2\/product_tag?post=89707"}],"curies":[{"name":"wp","href":"https:\/\/api.w.org\/{rel}","templated":true}]}}