{"id":89651,"date":"2022-03-23T11:59:26","date_gmt":"2022-03-23T12:06:49","guid":{"rendered":"https:\/\/gymnos.pt\/?post_type=product&#038;p=89651"},"modified":"2024-07-18T11:08:47","modified_gmt":"2024-07-18T11:08:47","slug":"cinturon-para-piruetas-medio","status":"publish","type":"product","link":"https:\/\/gymnos.pt\/es\/produto\/cinturon-para-piruetas-medio\/","title":{"rendered":"Cintur\u00f3n para Piruetas &#8211; Medio"},"content":{"rendered":"<p>Cintur\u00f3n con rodamiento de bolas para la realizaci\u00f3n de ejercicios con piruetas.<\/p>\n<p>Cierre r\u00e1pido y sencillo.<\/p>\n<p>-\u00d8 Di\u00e1metro: 37 cm.<\/p>\n<p>-Regulable de 65 a 85 cm.<\/p>\n","protected":false},"excerpt":{"rendered":"<p>Cintur\u00f3n para la realizaci\u00f3n de ejercicios con piruetas.<\/p>\n<p>Di\u00e1metro: 37 cm y regulable de 65 a 85 cm.<\/p>\n<p>&nbsp;<\/p>\n<div class=\"woocommerce-product-details__short-description\">\n<div class=\"woocommerce-product-details__short-description\">\n<p>&nbsp;<\/p>\n<\/div>\n<\/div>\n","protected":false},"featured_media":89649,"template":"","meta":{"_et_pb_use_builder":"","_et_pb_old_content":"","_et_gb_content_width":""},"product_brand":[],"product_cat":[8027,8045],"product_tag":[],"class_list":{"0":"post-89651","1":"product","2":"type-product","3":"status-publish","4":"has-post-thumbnail","6":"product_cat-acessorios-de-entrenamiento","7":"product_cat-eurotramp-es","9":"first","10":"instock","11":"taxable","12":"shipping-taxable","13":"purchasable","14":"product-type-simple"},"_links":{"self":[{"href":"https:\/\/gymnos.pt\/es\/wp-json\/wp\/v2\/product\/89651","targetHints":{"allow":["GET"]}}],"collection":[{"href":"https:\/\/gymnos.pt\/es\/wp-json\/wp\/v2\/product"}],"about":[{"href":"https:\/\/gymnos.pt\/es\/wp-json\/wp\/v2\/types\/product"}],"wp:featuredmedia":[{"embeddable":true,"href":"https:\/\/gymnos.pt\/es\/wp-json\/wp\/v2\/media\/89649"}],"wp:attachment":[{"href":"https:\/\/gymnos.pt\/es\/wp-json\/wp\/v2\/media?parent=89651"}],"wp:term":[{"taxonomy":"product_brand","embeddable":true,"href":"https:\/\/gymnos.pt\/es\/wp-json\/wp\/v2\/product_brand?post=89651"},{"taxonomy":"product_cat","embeddable":true,"href":"https:\/\/gymnos.pt\/es\/wp-json\/wp\/v2\/product_cat?post=89651"},{"taxonomy":"product_tag","embeddable":true,"href":"https:\/\/gymnos.pt\/es\/wp-json\/wp\/v2\/product_tag?post=89651"}],"curies":[{"name":"wp","href":"https:\/\/api.w.org\/{rel}","templated":true}]}}