{"id":88410,"date":"2021-11-23T20:00:18","date_gmt":"2021-11-23T20:00:19","guid":{"rendered":"https:\/\/gymnos.pt\/?post_type=product&#038;p=88410"},"modified":"2024-07-18T10:45:39","modified_gmt":"2024-07-18T10:45:39","slug":"modulo-inflable-cilindrico-110-x-80-cm","status":"publish","type":"product","link":"https:\/\/gymnos.pt\/es\/produto\/modulo-inflable-cilindrico-110-x-80-cm\/","title":{"rendered":"M\u00d3DULO INFLABLE CIL\u00cdNDRICO 110X 80 CM"},"content":{"rendered":"<p id=\"tw-target-text\" class=\"tw-data-text tw-text-large tw-ta\" dir=\"ltr\" data-placeholder=\"Tradu\u00e7\u00e3o\">Este m\u00f3dulo cil\u00edndrico polivalente permite trabajar la inversi\u00f3n hacia atr\u00e1s y crear numerosas actividades psicomotrices.<br \/>\nTambi\u00e9n es perfecto para realizar ejercicios de tonificaci\u00f3n.<br \/>\nEste m\u00f3dulo tambi\u00e9n se puede a\u00f1adir sin problema a un circuito baby-gym como obst\u00e1culo de aprendizaje.<br \/>\nMuy ligero, se instala en tiempo r\u00e9cord.<\/p>\n<p>&#8211; Dimensiones: 110 x 80 cm (L x \u00d8)<br \/>\n&#8211; Tiempo de inflado: menos de 1 minuto<br \/>\n&#8211; El m\u00f3dulo es aut\u00f3nomo y puede permanecer inflado varios d\u00edas<br \/>\n&#8211; Lona de PVC<br \/>\n&#8211; Provisto de un asa de transporte para facilitar su transporte<br \/>\n&#8211; Incluye una funda de transporte y su propio kit de reparaci\u00f3n<\/p>\n","protected":false},"excerpt":{"rendered":"<p>Este m\u00f3dulo cil\u00edndrico 106 x 60 cm polivalente permite trabajar la inversi\u00f3n hacia atr\u00e1s y crear numerosas actividades psicomotrices.<\/p>\n<p>&nbsp;<\/p>\n","protected":false},"featured_media":87471,"template":"","meta":{"_et_pb_use_builder":"","_et_pb_old_content":"","_et_gb_content_width":""},"product_brand":[],"product_cat":[8027,8049],"product_tag":[],"class_list":{"0":"post-88410","1":"product","2":"type-product","3":"status-publish","4":"has-post-thumbnail","6":"product_cat-acessorios-de-entrenamiento","7":"product_cat-gymnova-es","9":"first","10":"outofstock","11":"taxable","12":"shipping-taxable","13":"product-type-simple"},"_links":{"self":[{"href":"https:\/\/gymnos.pt\/es\/wp-json\/wp\/v2\/product\/88410","targetHints":{"allow":["GET"]}}],"collection":[{"href":"https:\/\/gymnos.pt\/es\/wp-json\/wp\/v2\/product"}],"about":[{"href":"https:\/\/gymnos.pt\/es\/wp-json\/wp\/v2\/types\/product"}],"wp:featuredmedia":[{"embeddable":true,"href":"https:\/\/gymnos.pt\/es\/wp-json\/wp\/v2\/media\/87471"}],"wp:attachment":[{"href":"https:\/\/gymnos.pt\/es\/wp-json\/wp\/v2\/media?parent=88410"}],"wp:term":[{"taxonomy":"product_brand","embeddable":true,"href":"https:\/\/gymnos.pt\/es\/wp-json\/wp\/v2\/product_brand?post=88410"},{"taxonomy":"product_cat","embeddable":true,"href":"https:\/\/gymnos.pt\/es\/wp-json\/wp\/v2\/product_cat?post=88410"},{"taxonomy":"product_tag","embeddable":true,"href":"https:\/\/gymnos.pt\/es\/wp-json\/wp\/v2\/product_tag?post=88410"}],"curies":[{"name":"wp","href":"https:\/\/api.w.org\/{rel}","templated":true}]}}