{"id":88404,"date":"2021-11-23T16:56:26","date_gmt":"2021-11-23T16:56:27","guid":{"rendered":"https:\/\/gymnos.pt\/?post_type=product&#038;p=88404"},"modified":"2024-12-12T09:40:27","modified_gmt":"2024-12-12T09:40:27","slug":"pista-de-ejecucion-enrollable-14-m-copia","status":"publish","type":"product","link":"https:\/\/gymnos.pt\/es\/produto\/pista-de-ejecucion-enrollable-14-m-copia\/","title":{"rendered":"PISTA DE EJECUCI\u00d3N ENROLLABLE GYMNOS 14 m"},"content":{"rendered":"<p>Pista enrollable para gimnasia y cheerleading.<br \/>\nParte superior alfombrada y parte inferior antideslizante.<br \/>\nEl soporte de espuma cortada est\u00e1 dise\u00f1ado para enrollarse f\u00e1cilmente sin necesidad de voltearlo, permitiendo montajes y desmontajes r\u00e1pidos.<br \/>\nAlto nivel de absorci\u00f3n de impactos.<br \/>\nPosibilidad de crear \u00e1reas polivalentes para gimnasia mediante tiras de velcro de uni\u00f3n (no incluidas).<\/p>\n","protected":false},"excerpt":{"rendered":"<p>Rollo Pr\u00e1ctico Rojo 14 x 2 m y 3,5 cm de grosor.<\/p>\n<p>\u00bb Espuma de alta densidad.<br \/>\n\u00bb Parte superior alfombrada roja y parte inferior antideslizante.<\/p>\n<p>El coste de env\u00edo ser\u00e1 determinado.<\/p>\n","protected":false},"featured_media":88407,"template":"","meta":{"_et_pb_use_builder":"","_et_pb_old_content":"","_et_gb_content_width":""},"product_brand":[],"product_cat":[8027,8047,8059],"product_tag":[],"class_list":{"0":"post-88404","1":"product","2":"type-product","3":"status-publish","4":"has-post-thumbnail","6":"product_cat-acessorios-de-entrenamiento","7":"product_cat-gymnos-es","8":"product_cat-praticables","10":"first","11":"outofstock","12":"taxable","13":"shipping-taxable","14":"product-type-simple"},"_links":{"self":[{"href":"https:\/\/gymnos.pt\/es\/wp-json\/wp\/v2\/product\/88404","targetHints":{"allow":["GET"]}}],"collection":[{"href":"https:\/\/gymnos.pt\/es\/wp-json\/wp\/v2\/product"}],"about":[{"href":"https:\/\/gymnos.pt\/es\/wp-json\/wp\/v2\/types\/product"}],"wp:featuredmedia":[{"embeddable":true,"href":"https:\/\/gymnos.pt\/es\/wp-json\/wp\/v2\/media\/88407"}],"wp:attachment":[{"href":"https:\/\/gymnos.pt\/es\/wp-json\/wp\/v2\/media?parent=88404"}],"wp:term":[{"taxonomy":"product_brand","embeddable":true,"href":"https:\/\/gymnos.pt\/es\/wp-json\/wp\/v2\/product_brand?post=88404"},{"taxonomy":"product_cat","embeddable":true,"href":"https:\/\/gymnos.pt\/es\/wp-json\/wp\/v2\/product_cat?post=88404"},{"taxonomy":"product_tag","embeddable":true,"href":"https:\/\/gymnos.pt\/es\/wp-json\/wp\/v2\/product_tag?post=88404"}],"curies":[{"name":"wp","href":"https:\/\/api.w.org\/{rel}","templated":true}]}}