{"id":87506,"date":"2021-08-26T17:06:52","date_gmt":"2021-08-26T17:06:52","guid":{"rendered":"https:\/\/gymnos.pt\/?post_type=product&#038;p=87506"},"modified":"2024-05-16T14:09:26","modified_gmt":"2024-05-16T14:09:26","slug":"trampolin-de-entrenamiento-copia","status":"publish","type":"product","link":"https:\/\/gymnos.pt\/es\/produto\/trampolin-de-entrenamiento-copia\/","title":{"rendered":"TRAMPO-TREMP"},"content":{"rendered":"<p>Se utiliza a medio camino entre trampol\u00edn y el minitrampol\u00edn, el trampo-tremp se ha dise\u00f1ado especialmente para el aprendizaje y la pr\u00e1ctica de ejercicios de salto. Permite trabajar las bases de los elementos de salto de manera c\u00f3moda para despu\u00e9s utilizar el trampol\u00edn cl\u00e1sico sin miedo. Aporta a los gimnastas mayor potencia. Sus dimensiones similares a las de un trampol\u00edn est\u00e1ndar permiten mantener la carrera de impulso y el \u00faltimo despegue intactos. Su altura se puede regular c\u00f3modamente en 3 posiciones diferentes: 26, 30 y 34 cm.<\/p>\n<p>CARACTER\u00cdSTICAS T\u00c9CNICAS:<br \/>\n&#8211; Dimensiones: 120 x 98 cm (Lxl)<br \/>\n&#8211; La cama el\u00e1stica de impulso reforzada est\u00e1 fabricada en PVC (dim.: 47 x 74 cm) con marca de cruz en el centro<br \/>\n&#8211; La tensi\u00f3n del conjunto se obtiene mediante 34 muelles<br \/>\n&#8211; Las almohadillas de protecci\u00f3n perif\u00e9rica tienen 3 cm de espesor<br \/>\n&#8211; Ruedas de transporte integradas<br \/>\n&#8211; Patines antideslizantes<br \/>\n&#8211; Peso: 27 kg<\/p>\n","protected":false},"excerpt":{"rendered":"<p>El trampo-tremp se ha dise\u00f1ado especialmente para el aprendizaje y la pr\u00e1ctica de ejercicios de salto.<\/p>\n<p>&nbsp;<\/p>\n<p>&nbsp;<\/p>\n","protected":false},"featured_media":87521,"template":"","meta":{"_et_pb_use_builder":"","_et_pb_old_content":"","_et_gb_content_width":""},"product_brand":[],"product_cat":[8027,8049],"product_tag":[],"class_list":{"0":"post-87506","1":"product","2":"type-product","3":"status-publish","4":"has-post-thumbnail","6":"product_cat-acessorios-de-entrenamiento","7":"product_cat-gymnova-es","9":"first","10":"instock","11":"taxable","12":"shipping-taxable","13":"purchasable","14":"product-type-simple"},"_links":{"self":[{"href":"https:\/\/gymnos.pt\/es\/wp-json\/wp\/v2\/product\/87506","targetHints":{"allow":["GET"]}}],"collection":[{"href":"https:\/\/gymnos.pt\/es\/wp-json\/wp\/v2\/product"}],"about":[{"href":"https:\/\/gymnos.pt\/es\/wp-json\/wp\/v2\/types\/product"}],"wp:featuredmedia":[{"embeddable":true,"href":"https:\/\/gymnos.pt\/es\/wp-json\/wp\/v2\/media\/87521"}],"wp:attachment":[{"href":"https:\/\/gymnos.pt\/es\/wp-json\/wp\/v2\/media?parent=87506"}],"wp:term":[{"taxonomy":"product_brand","embeddable":true,"href":"https:\/\/gymnos.pt\/es\/wp-json\/wp\/v2\/product_brand?post=87506"},{"taxonomy":"product_cat","embeddable":true,"href":"https:\/\/gymnos.pt\/es\/wp-json\/wp\/v2\/product_cat?post=87506"},{"taxonomy":"product_tag","embeddable":true,"href":"https:\/\/gymnos.pt\/es\/wp-json\/wp\/v2\/product_tag?post=87506"}],"curies":[{"name":"wp","href":"https:\/\/api.w.org\/{rel}","templated":true}]}}