{"id":87465,"date":"2021-08-26T10:43:08","date_gmt":"2021-08-26T10:43:09","guid":{"rendered":"https:\/\/gymnos.pt\/?post_type=product&#038;p=87465"},"modified":"2024-07-18T10:46:02","modified_gmt":"2024-07-18T10:46:02","slug":"cinturon-con-arnes-copia","status":"publish","type":"product","link":"https:\/\/gymnos.pt\/es\/produto\/cinturon-con-arnes-copia\/","title":{"rendered":"M\u00d3DULO INFLABLE CIL\u00cdNDRICO 106 X 60 CM"},"content":{"rendered":"<p id=\"tw-target-text\" class=\"tw-data-text tw-text-large tw-ta\" dir=\"ltr\" data-placeholder=\"Tradu\u00e7\u00e3o\">Este m\u00f3dulo cil\u00edndrico polivalente permite trabajar la inversi\u00f3n hacia atr\u00e1s y crear numerosas actividades psicomotrices.<br \/>\nTambi\u00e9n es perfecto para realizar ejercicios de tonificaci\u00f3n.<br \/>\nEste m\u00f3dulo tambi\u00e9n se puede a\u00f1adir sin problema a un circuito baby-gym como obst\u00e1culo de aprendizaje.<br \/>\nMuy ligero, se instala en tiempo r\u00e9cord.<\/p>\n<p>&#8211; Dimensiones: 106 x 60\u00a0cm (L x \u00d8)<br \/>\n&#8211; Espacio necesario (m\u00f3dulo plegado): 75 x 60 x 10\u00a0cm (L x An x Al)<br \/>\n&#8211; Tiempo de inflado: menos de 1 minuto<br \/>\n&#8211; El m\u00f3dulo es aut\u00f3nomo y puede permanecer inflado varios d\u00edas<br \/>\n&#8211; Lona de PVC<br \/>\n&#8211; Provisto de un asa de transporte para facilitar su transporte<br \/>\n&#8211; Incluye una funda de transporte y su propio kit de reparaci\u00f3n<\/p>\n","protected":false},"excerpt":{"rendered":"<p>Este m\u00f3dulo cil\u00edndrico 106 x 60\u00a0cm polivalente permite trabajar la inversi\u00f3n hacia atr\u00e1s y crear numerosas actividades psicomotrices.<\/p>\n<div class=\"woocommerce-product-details__short-description\">\n<p>&nbsp;<\/p>\n<\/div>\n","protected":false},"featured_media":87471,"template":"","meta":{"_et_pb_use_builder":"","_et_pb_old_content":"","_et_gb_content_width":""},"product_brand":[],"product_cat":[8027,8049],"product_tag":[],"class_list":{"0":"post-87465","1":"product","2":"type-product","3":"status-publish","4":"has-post-thumbnail","6":"product_cat-acessorios-de-entrenamiento","7":"product_cat-gymnova-es","9":"first","10":"instock","11":"taxable","12":"shipping-taxable","13":"purchasable","14":"product-type-simple"},"_links":{"self":[{"href":"https:\/\/gymnos.pt\/es\/wp-json\/wp\/v2\/product\/87465","targetHints":{"allow":["GET"]}}],"collection":[{"href":"https:\/\/gymnos.pt\/es\/wp-json\/wp\/v2\/product"}],"about":[{"href":"https:\/\/gymnos.pt\/es\/wp-json\/wp\/v2\/types\/product"}],"wp:featuredmedia":[{"embeddable":true,"href":"https:\/\/gymnos.pt\/es\/wp-json\/wp\/v2\/media\/87471"}],"wp:attachment":[{"href":"https:\/\/gymnos.pt\/es\/wp-json\/wp\/v2\/media?parent=87465"}],"wp:term":[{"taxonomy":"product_brand","embeddable":true,"href":"https:\/\/gymnos.pt\/es\/wp-json\/wp\/v2\/product_brand?post=87465"},{"taxonomy":"product_cat","embeddable":true,"href":"https:\/\/gymnos.pt\/es\/wp-json\/wp\/v2\/product_cat?post=87465"},{"taxonomy":"product_tag","embeddable":true,"href":"https:\/\/gymnos.pt\/es\/wp-json\/wp\/v2\/product_tag?post=87465"}],"curies":[{"name":"wp","href":"https:\/\/api.w.org\/{rel}","templated":true}]}}