{"id":87070,"date":"2021-06-11T18:14:59","date_gmt":"2021-06-11T18:15:00","guid":{"rendered":"https:\/\/gymnos.pt\/?post_type=product&#038;p=87070"},"modified":"2026-02-11T15:05:40","modified_gmt":"2026-02-11T15:05:40","slug":"revestimiento-desmontable-de-cuerpo-de-vigas","status":"publish","type":"product","link":"https:\/\/gymnos.pt\/es\/produto\/revestimiento-desmontable-de-cuerpo-de-vigas\/","title":{"rendered":"REVESTIMIENTO DESMONTABLE DE CUERPO DE VIGAS"},"content":{"rendered":"<p>Esta funda es una soluci\u00f3n pr\u00e1ctica para dar un aire nuevo a su viga de equilibrio.<br \/>\nDe instalaci\u00f3n sencilla, cubre directamente el cuerpo de viga desgastado.<br \/>\nEs compatible con diversos tipos de vigas de equilibrio (GYMNOVA y otras marcas) y cubre el cuerpo existente sin tener que retirar la funda existente.<br \/>\nLa funda es id\u00e9ntica a un cuerpo de viga est\u00e1ndar y las caperuzas presentan tejido el\u00e1stico.<br \/>\nLa funda se fija mediante bandas de uni\u00f3n y sus anillos de bloqueo de PVC permiten el ajuste de la tensi\u00f3n del tejido (el cliente debe realizar la instalaci\u00f3n).<\/p>\n","protected":false},"excerpt":{"rendered":"<p>Funda id\u00e9ntica a un cuerpo de viga est\u00e1ndar de 5 metros.<\/p>\n<p>&nbsp;<\/p>\n<p>&nbsp;<\/p>\n","protected":false},"featured_media":87101,"template":"","meta":{"_et_pb_use_builder":"","_et_pb_old_content":"","_et_gb_content_width":""},"product_brand":[],"product_cat":[8027,8049],"product_tag":[],"class_list":{"0":"post-87070","1":"product","2":"type-product","3":"status-publish","4":"has-post-thumbnail","6":"product_cat-acessorios-de-entrenamiento","7":"product_cat-gymnova-es","9":"first","10":"instock","11":"taxable","12":"shipping-taxable","13":"purchasable","14":"product-type-simple"},"_links":{"self":[{"href":"https:\/\/gymnos.pt\/es\/wp-json\/wp\/v2\/product\/87070","targetHints":{"allow":["GET"]}}],"collection":[{"href":"https:\/\/gymnos.pt\/es\/wp-json\/wp\/v2\/product"}],"about":[{"href":"https:\/\/gymnos.pt\/es\/wp-json\/wp\/v2\/types\/product"}],"wp:featuredmedia":[{"embeddable":true,"href":"https:\/\/gymnos.pt\/es\/wp-json\/wp\/v2\/media\/87101"}],"wp:attachment":[{"href":"https:\/\/gymnos.pt\/es\/wp-json\/wp\/v2\/media?parent=87070"}],"wp:term":[{"taxonomy":"product_brand","embeddable":true,"href":"https:\/\/gymnos.pt\/es\/wp-json\/wp\/v2\/product_brand?post=87070"},{"taxonomy":"product_cat","embeddable":true,"href":"https:\/\/gymnos.pt\/es\/wp-json\/wp\/v2\/product_cat?post=87070"},{"taxonomy":"product_tag","embeddable":true,"href":"https:\/\/gymnos.pt\/es\/wp-json\/wp\/v2\/product_tag?post=87070"}],"curies":[{"name":"wp","href":"https:\/\/api.w.org\/{rel}","templated":true}]}}