{"id":87040,"date":"2021-06-11T17:42:27","date_gmt":"2021-06-11T17:42:27","guid":{"rendered":"https:\/\/gymnos.pt\/?post_type=product&#038;p=87040"},"modified":"2023-02-28T12:25:25","modified_gmt":"2023-02-28T12:25:25","slug":"colchoneta-carpette-multiusos-copia","status":"publish","type":"product","link":"https:\/\/gymnos.pt\/es\/produto\/colchoneta-carpette-multiusos-copia\/","title":{"rendered":"TRAMPOL\u00cdN FLEXIBLE DE INICIACI\u00d3N"},"content":{"rendered":"<p>Trampol\u00edn con ruedas de transporte, bases antiderrapantes, muelles helicoidales, plataforma de dimensiones homologadas (120 x 60\u00a0cm) de contrachapado curvado con refuerzos integrados, recubierto con una capa de confort y moqueta.<\/p>\n<p>Trampol\u00edn cl\u00e1sico recomendado para uso escolar y principiantes.<br \/>\nProvisto de 2 muelles cil\u00edndricos flexibles sin capa de confort.<\/p>\n","protected":false},"excerpt":{"rendered":"<p>Trampol\u00edn cl\u00e1sico 120&#215;60 cm recomendado para uso escolar y principiantes.<br \/>\nProvisto de 2 muelles cil\u00edndricos flexibles de 23 cm.<\/p>\n<p>&nbsp;<\/p>\n","protected":false},"featured_media":87059,"template":"","meta":{"_et_pb_use_builder":"","_et_pb_old_content":"","_et_gb_content_width":""},"product_brand":[],"product_cat":[8027,8049],"product_tag":[],"class_list":{"0":"post-87040","1":"product","2":"type-product","3":"status-publish","4":"has-post-thumbnail","6":"product_cat-acessorios-de-entrenamiento","7":"product_cat-gymnova-es","9":"first","10":"outofstock","11":"taxable","12":"shipping-taxable","13":"product-type-simple"},"_links":{"self":[{"href":"https:\/\/gymnos.pt\/es\/wp-json\/wp\/v2\/product\/87040","targetHints":{"allow":["GET"]}}],"collection":[{"href":"https:\/\/gymnos.pt\/es\/wp-json\/wp\/v2\/product"}],"about":[{"href":"https:\/\/gymnos.pt\/es\/wp-json\/wp\/v2\/types\/product"}],"wp:featuredmedia":[{"embeddable":true,"href":"https:\/\/gymnos.pt\/es\/wp-json\/wp\/v2\/media\/87059"}],"wp:attachment":[{"href":"https:\/\/gymnos.pt\/es\/wp-json\/wp\/v2\/media?parent=87040"}],"wp:term":[{"taxonomy":"product_brand","embeddable":true,"href":"https:\/\/gymnos.pt\/es\/wp-json\/wp\/v2\/product_brand?post=87040"},{"taxonomy":"product_cat","embeddable":true,"href":"https:\/\/gymnos.pt\/es\/wp-json\/wp\/v2\/product_cat?post=87040"},{"taxonomy":"product_tag","embeddable":true,"href":"https:\/\/gymnos.pt\/es\/wp-json\/wp\/v2\/product_tag?post=87040"}],"curies":[{"name":"wp","href":"https:\/\/api.w.org\/{rel}","templated":true}]}}