{"id":86046,"date":"2021-04-16T18:10:00","date_gmt":"2021-04-16T18:10:01","guid":{"rendered":"https:\/\/gymnos.pt\/?post_type=product&#038;p=86046"},"modified":"2024-07-15T09:23:57","modified_gmt":"2024-07-15T09:23:57","slug":"air-track-h20-basic-10-m","status":"publish","type":"product","link":"https:\/\/gymnos.pt\/es\/produto\/air-track-h20-basic-10-m\/","title":{"rendered":"Air Track H20 Basic 10 m"},"content":{"rendered":"<p><strong>PARA PEDIDOS DE PRESUPUESTO, POR FAVOR\u00a0CONT\u00c1CTENOS.<\/strong><\/p>\n<p><span style=\"text-decoration: underline;\"><strong>Producto seg\u00fan las normas REACH (aplicadas a todos los productos qu\u00edmicos) de las normas de la UE y libres de ftalatos<\/strong><strong>.\u00a0<\/strong><strong>Tambi\u00e9n tiene una garant\u00eda de fabricaci\u00f3n de 4 a\u00f1os en los productos \u00abb\u00e1sicos\u00bb de Air, 1 a\u00f1o en sopladores de aire y accesorios.<\/strong><\/span><\/p>\n<p><strong>Set incluye:<\/strong><\/p>\n<p>1x Pista Inflable 10,0 x 2,0 x 0.20 m<\/p>\n<p>\u2022 Tejido de doble pared suave y flexible de punto gris que conecta la parte superior e inferior.<\/p>\n<p>\u2022 Velcro suave gris de 15 cm de ancho en extremos cortos para conexi\u00f3n con plataformas de aterrizaje o productos a\u00e9reos.<\/p>\n<p>\u2022 Asas de transporte blandas en lados largos.<\/p>\n<p>\u2022 V\u00e1lvulas antirretorno grises para inflar y desinflar o medir la presi\u00f3n de aire con el man\u00f3metro digital.<\/p>\n<p>&nbsp;<\/p>\n","protected":false},"excerpt":{"rendered":"<p>Pista Inflable Basic 10,0 x 2,0 x 0.20 m.<\/p>\n<p>Incluye bolsa de transporte, inflador el\u00e9ctrico, man\u00f3metro digital y kit de reparaci\u00f3n.<\/p>\n<p>Precio bajo consulta.<\/p>\n","protected":false},"featured_media":86037,"template":"","meta":{"_et_pb_use_builder":"","_et_pb_old_content":"","_et_gb_content_width":""},"product_brand":[],"product_cat":[8029,8116],"product_tag":[],"class_list":{"0":"post-86046","1":"product","2":"type-product","3":"status-publish","4":"has-post-thumbnail","6":"product_cat-airgym-es-hinchables","7":"product_cat-hinchables","9":"first","10":"onbackorder","11":"taxable","12":"shipping-taxable","13":"product-type-simple"},"_links":{"self":[{"href":"https:\/\/gymnos.pt\/es\/wp-json\/wp\/v2\/product\/86046","targetHints":{"allow":["GET"]}}],"collection":[{"href":"https:\/\/gymnos.pt\/es\/wp-json\/wp\/v2\/product"}],"about":[{"href":"https:\/\/gymnos.pt\/es\/wp-json\/wp\/v2\/types\/product"}],"wp:featuredmedia":[{"embeddable":true,"href":"https:\/\/gymnos.pt\/es\/wp-json\/wp\/v2\/media\/86037"}],"wp:attachment":[{"href":"https:\/\/gymnos.pt\/es\/wp-json\/wp\/v2\/media?parent=86046"}],"wp:term":[{"taxonomy":"product_brand","embeddable":true,"href":"https:\/\/gymnos.pt\/es\/wp-json\/wp\/v2\/product_brand?post=86046"},{"taxonomy":"product_cat","embeddable":true,"href":"https:\/\/gymnos.pt\/es\/wp-json\/wp\/v2\/product_cat?post=86046"},{"taxonomy":"product_tag","embeddable":true,"href":"https:\/\/gymnos.pt\/es\/wp-json\/wp\/v2\/product_tag?post=86046"}],"curies":[{"name":"wp","href":"https:\/\/api.w.org\/{rel}","templated":true}]}}