{"id":76535,"date":"2021-04-02T10:39:06","date_gmt":"2020-11-28T19:39:06","guid":{"rendered":"https:\/\/gymnos.pt\/?post_type=product&#038;p=76535"},"modified":"2023-06-26T16:43:43","modified_gmt":"2023-06-26T16:43:43","slug":"safety-mat-200x200x20-3","status":"publish","type":"product","link":"https:\/\/gymnos.pt\/es\/produto\/safety-mat-200x200x20-3\/","title":{"rendered":"COLCHONETA DE CA\u00cdDA 200x200x20 cm"},"content":{"rendered":"<p class=\"p1\"><strong>*Despu\u00e9s de Finalizar la Compra, le enviaremos por correo electr\u00f3nico informaci\u00f3n sobre los costes de transporte.<\/strong><\/p>\n<p><strong>\u00a0<\/strong><\/p>\n","protected":false},"excerpt":{"rendered":"<p>Colchoneta de ca\u00edda 200x200x20 cm en PVC Premium, base antideslizante y laterales con tejido perforado y asas.<br \/>\nTransporte no incluido (precio de env\u00edo a definir).<\/p>\n","protected":false},"featured_media":99094,"template":"","meta":{"_et_pb_use_builder":"","_et_pb_old_content":"","_et_gb_content_width":""},"product_brand":[5522],"product_cat":[8144,8039,8047],"product_tag":[],"class_list":{"0":"post-76535","1":"product","2":"type-product","3":"status-publish","4":"has-post-thumbnail","6":"product_brand-gymnos","7":"product_cat-colchones-de-caida","8":"product_cat-colchonetas","9":"product_cat-gymnos-es","11":"first","12":"instock","13":"taxable","14":"shipping-taxable","15":"purchasable","16":"product-type-simple"},"_links":{"self":[{"href":"https:\/\/gymnos.pt\/es\/wp-json\/wp\/v2\/product\/76535","targetHints":{"allow":["GET"]}}],"collection":[{"href":"https:\/\/gymnos.pt\/es\/wp-json\/wp\/v2\/product"}],"about":[{"href":"https:\/\/gymnos.pt\/es\/wp-json\/wp\/v2\/types\/product"}],"wp:featuredmedia":[{"embeddable":true,"href":"https:\/\/gymnos.pt\/es\/wp-json\/wp\/v2\/media\/99094"}],"wp:attachment":[{"href":"https:\/\/gymnos.pt\/es\/wp-json\/wp\/v2\/media?parent=76535"}],"wp:term":[{"taxonomy":"product_brand","embeddable":true,"href":"https:\/\/gymnos.pt\/es\/wp-json\/wp\/v2\/product_brand?post=76535"},{"taxonomy":"product_cat","embeddable":true,"href":"https:\/\/gymnos.pt\/es\/wp-json\/wp\/v2\/product_cat?post=76535"},{"taxonomy":"product_tag","embeddable":true,"href":"https:\/\/gymnos.pt\/es\/wp-json\/wp\/v2\/product_tag?post=76535"}],"curies":[{"name":"wp","href":"https:\/\/api.w.org\/{rel}","templated":true}]}}