{"id":75753,"date":"2021-03-27T08:35:05","date_gmt":"2020-10-23T08:35:05","guid":{"rendered":"https:\/\/gymnos.pt\/?post_type=product&#038;p=75753"},"modified":"2026-03-02T12:56:06","modified_gmt":"2026-03-02T12:56:06","slug":"bomba-manual-es","status":"publish","type":"product","link":"https:\/\/gymnos.pt\/es\/produto\/bomba-manual-es\/","title":{"rendered":"BOMBA MANUAL"},"content":{"rendered":"<p>\u25b8Bomba manual de doble acci\u00f3n.<br \/>\n\u25b8Man\u00f3metro incorporado y v\u00e1lvula espec\u00edfica.<br \/>\n\u25b8Ideal para hinchables peque\u00f1os y medianos.<\/p>\n","protected":false},"excerpt":{"rendered":"<p>Bomba manual de doble acci\u00f3n, con man\u00f3metro incorporado y v\u00e1lvula espec\u00edfica, ideal para hinchables peque\u00f1os y medianos.<\/p>\n<p>&nbsp;<\/p>\n","protected":false},"featured_media":75754,"template":"","meta":{"_et_pb_use_builder":"","_et_pb_old_content":"","_et_gb_content_width":""},"product_brand":[5499],"product_cat":[8047,8116,8121],"product_tag":[],"class_list":{"0":"post-75753","1":"product","2":"type-product","3":"status-publish","4":"has-post-thumbnail","6":"product_brand-airgym","7":"product_cat-gymnos-es","8":"product_cat-hinchables","9":"product_cat-hinchables-gymnos","11":"first","12":"instock","13":"taxable","14":"shipping-taxable","15":"purchasable","16":"product-type-simple"},"_links":{"self":[{"href":"https:\/\/gymnos.pt\/es\/wp-json\/wp\/v2\/product\/75753","targetHints":{"allow":["GET"]}}],"collection":[{"href":"https:\/\/gymnos.pt\/es\/wp-json\/wp\/v2\/product"}],"about":[{"href":"https:\/\/gymnos.pt\/es\/wp-json\/wp\/v2\/types\/product"}],"wp:featuredmedia":[{"embeddable":true,"href":"https:\/\/gymnos.pt\/es\/wp-json\/wp\/v2\/media\/75754"}],"wp:attachment":[{"href":"https:\/\/gymnos.pt\/es\/wp-json\/wp\/v2\/media?parent=75753"}],"wp:term":[{"taxonomy":"product_brand","embeddable":true,"href":"https:\/\/gymnos.pt\/es\/wp-json\/wp\/v2\/product_brand?post=75753"},{"taxonomy":"product_cat","embeddable":true,"href":"https:\/\/gymnos.pt\/es\/wp-json\/wp\/v2\/product_cat?post=75753"},{"taxonomy":"product_tag","embeddable":true,"href":"https:\/\/gymnos.pt\/es\/wp-json\/wp\/v2\/product_tag?post=75753"}],"curies":[{"name":"wp","href":"https:\/\/api.w.org\/{rel}","templated":true}]}}