{"id":75251,"date":"2020-04-05T17:37:21","date_gmt":"2020-05-14T17:37:21","guid":{"rendered":"https:\/\/gymnos.pt\/?post_type=product&#038;p=75251"},"modified":"2025-12-16T12:48:58","modified_gmt":"2025-12-16T12:48:58","slug":"safety-mat-200x100x20-3","status":"publish","type":"product","link":"https:\/\/gymnos.pt\/es\/produto\/safety-mat-200x100x20-3\/","title":{"rendered":"COLCHONETA DE CA\u00cdDA 200x100x20 cm"},"content":{"rendered":"<p><strong>*Despu\u00e9s de finalizar tu compra, te enviaremos informaci\u00f3n por email sobre los gastos de transporte.<\/strong><\/p>\n<p><span style=\"color: #ff0000;\">\u00a1<strong>\u00a1\u00a1COLCHONETAS 100% GYMNOS!!!<\/strong><\/span><\/p>\n<p>Fabricadas \u00edntegramente en nuestras instalaciones apostando con un enfoque en la calidad y con las siguientes caracter\u00edsticas:<\/p>\n<ul>\n<li>Espuma de densidad 20RB para un mayor confort.<\/li>\n<li>Tapa en tejido PVC de 610 gr\/m2 para mayor robustez y f\u00e1cil limpieza\/higienizaci\u00f3n.<\/li>\n<li>Laterales en malla de PVC de 610 gr\/m2 y\/o malla de PVC perforada para mayor ventilaci\u00f3n y durabilidad.<\/li>\n<li>Base en tejido de PVC antideslizante de 600 gr\/m2 para un mayor agarre.<\/li>\n<li>Doble costura para mayor resistencia.<\/li>\n<li>Cremalleras para facilitar la reparaci\u00f3n y sustituci\u00f3n.<\/li>\n<li>Asas para facilitar el transporte.<\/li>\n<\/ul>\n","protected":false},"excerpt":{"rendered":"<p>Colchoneta de ca\u00edda 200x100x20 cm en PVC, base antideslizante y laterales con malla perforada y asas. Densidad 20RB.<br \/>\nTransporte no incluido (precio de env\u00edo a definir).<\/p>\n","protected":false},"featured_media":99101,"template":"","meta":{"_et_pb_use_builder":"","_et_pb_old_content":"","_et_gb_content_width":""},"product_brand":[5522],"product_cat":[8144,8039,8047],"product_tag":[],"class_list":{"0":"post-75251","1":"product","2":"type-product","3":"status-publish","4":"has-post-thumbnail","6":"product_brand-gymnos","7":"product_cat-colchones-de-caida","8":"product_cat-colchonetas","9":"product_cat-gymnos-es","11":"first","12":"instock","13":"taxable","14":"shipping-taxable","15":"purchasable","16":"product-type-simple"},"_links":{"self":[{"href":"https:\/\/gymnos.pt\/es\/wp-json\/wp\/v2\/product\/75251","targetHints":{"allow":["GET"]}}],"collection":[{"href":"https:\/\/gymnos.pt\/es\/wp-json\/wp\/v2\/product"}],"about":[{"href":"https:\/\/gymnos.pt\/es\/wp-json\/wp\/v2\/types\/product"}],"wp:featuredmedia":[{"embeddable":true,"href":"https:\/\/gymnos.pt\/es\/wp-json\/wp\/v2\/media\/99101"}],"wp:attachment":[{"href":"https:\/\/gymnos.pt\/es\/wp-json\/wp\/v2\/media?parent=75251"}],"wp:term":[{"taxonomy":"product_brand","embeddable":true,"href":"https:\/\/gymnos.pt\/es\/wp-json\/wp\/v2\/product_brand?post=75251"},{"taxonomy":"product_cat","embeddable":true,"href":"https:\/\/gymnos.pt\/es\/wp-json\/wp\/v2\/product_cat?post=75251"},{"taxonomy":"product_tag","embeddable":true,"href":"https:\/\/gymnos.pt\/es\/wp-json\/wp\/v2\/product_tag?post=75251"}],"curies":[{"name":"wp","href":"https:\/\/api.w.org\/{rel}","templated":true}]}}