{"id":75164,"date":"2021-03-19T09:57:21","date_gmt":"2020-03-02T09:57:21","guid":{"rendered":"https:\/\/gymnos.pt\/?post_type=product&#038;p=75164"},"modified":"2026-02-11T11:47:27","modified_gmt":"2026-02-11T11:47:27","slug":"natural-fiberparalel-bar","status":"publish","type":"product","link":"https:\/\/gymnos.pt\/es\/produto\/natural-fiberparalel-bar\/","title":{"rendered":"BARRA PARA BARRAS ASIM\u00c9TRICAS FIBRA NATURAL"},"content":{"rendered":"<p>Barra redonda de fibra de vidrio con recubrimiento de fibra natural.<br \/>\nEste material es m\u00e1s maleable que la madera, por lo que permite un recubrimiento m\u00e1s homog\u00e9neo y prolonga su vida \u00fatil.<br \/>\nSu textura favorece adem\u00e1s un excelente agarre y reduce el tiempo de preparaci\u00f3n de la barra. En el uso, esta barra requiere menos magnesia.<\/p>\n","protected":false},"excerpt":{"rendered":"<p>1 Barra redonda de fibra de vidrio con recubrimiento de fibra natural y di\u00e1metro 39,2 mm.<\/p>\n<p>Conforme a las exigencias de la FIG.<\/p>\n<p>&nbsp;<\/p>\n<p>&nbsp;<\/p>\n","protected":false},"featured_media":75165,"template":"","meta":{"_et_pb_use_builder":"","_et_pb_old_content":"","_et_gb_content_width":""},"product_brand":[5511],"product_cat":[8049],"product_tag":[],"class_list":{"0":"post-75164","1":"product","2":"type-product","3":"status-publish","4":"has-post-thumbnail","6":"product_brand-gymnova","7":"product_cat-gymnova-es","9":"first","10":"instock","11":"taxable","12":"shipping-taxable","13":"purchasable","14":"product-type-simple"},"_links":{"self":[{"href":"https:\/\/gymnos.pt\/es\/wp-json\/wp\/v2\/product\/75164","targetHints":{"allow":["GET"]}}],"collection":[{"href":"https:\/\/gymnos.pt\/es\/wp-json\/wp\/v2\/product"}],"about":[{"href":"https:\/\/gymnos.pt\/es\/wp-json\/wp\/v2\/types\/product"}],"wp:featuredmedia":[{"embeddable":true,"href":"https:\/\/gymnos.pt\/es\/wp-json\/wp\/v2\/media\/75165"}],"wp:attachment":[{"href":"https:\/\/gymnos.pt\/es\/wp-json\/wp\/v2\/media?parent=75164"}],"wp:term":[{"taxonomy":"product_brand","embeddable":true,"href":"https:\/\/gymnos.pt\/es\/wp-json\/wp\/v2\/product_brand?post=75164"},{"taxonomy":"product_cat","embeddable":true,"href":"https:\/\/gymnos.pt\/es\/wp-json\/wp\/v2\/product_cat?post=75164"},{"taxonomy":"product_tag","embeddable":true,"href":"https:\/\/gymnos.pt\/es\/wp-json\/wp\/v2\/product_tag?post=75164"}],"curies":[{"name":"wp","href":"https:\/\/api.w.org\/{rel}","templated":true}]}}