{"id":75113,"date":"2021-04-05T11:38:27","date_gmt":"2020-01-29T11:38:27","guid":{"rendered":"https:\/\/gymnos.pt\/?post_type=product&#038;p=75113"},"modified":"2025-11-10T12:10:36","modified_gmt":"2025-11-10T12:10:36","slug":"landing-mat-400x200x10-cm-3","status":"publish","type":"product","link":"https:\/\/gymnos.pt\/es\/produto\/landing-mat-400x200x10-cm-3\/","title":{"rendered":"COLCHONETA DE RECEPCI\u00d3N 400x200x10 CM"},"content":{"rendered":"<p class=\"p1\"><span class=\"s1\"><strong><span class=\"s1\">*\u00a0Bajo pedido.<\/span><\/strong><\/span><\/p>\n<p><strong>*Despu\u00e9s de Finalizar la Compra, le enviaremos por correo electr\u00f3nico informaci\u00f3n sobre los costes de transporte.<\/strong><\/p>\n<p><strong>\u00a0<\/strong><\/p>\n","protected":false},"excerpt":{"rendered":"<p>Colchoneta de ca\u00edda 400x200x10 cm en PVC, base antideslizante y laterales con tejido perforado y asas. Dens. 26R<br \/>\nTransporte no incluido (precio de env\u00edo a definir).<\/p>\n","protected":false},"featured_media":75115,"template":"","meta":{"_et_pb_use_builder":"","_et_pb_old_content":"","_et_gb_content_width":""},"product_brand":[5522],"product_cat":[8113,8039,8047],"product_tag":[],"class_list":{"0":"post-75113","1":"product","2":"type-product","3":"status-publish","4":"has-post-thumbnail","6":"product_brand-gymnos","7":"product_cat-colchoneta-de-aterrizaje","8":"product_cat-colchonetas","9":"product_cat-gymnos-es","11":"first","12":"instock","13":"taxable","14":"shipping-taxable","15":"purchasable","16":"product-type-simple"},"_links":{"self":[{"href":"https:\/\/gymnos.pt\/es\/wp-json\/wp\/v2\/product\/75113","targetHints":{"allow":["GET"]}}],"collection":[{"href":"https:\/\/gymnos.pt\/es\/wp-json\/wp\/v2\/product"}],"about":[{"href":"https:\/\/gymnos.pt\/es\/wp-json\/wp\/v2\/types\/product"}],"wp:featuredmedia":[{"embeddable":true,"href":"https:\/\/gymnos.pt\/es\/wp-json\/wp\/v2\/media\/75115"}],"wp:attachment":[{"href":"https:\/\/gymnos.pt\/es\/wp-json\/wp\/v2\/media?parent=75113"}],"wp:term":[{"taxonomy":"product_brand","embeddable":true,"href":"https:\/\/gymnos.pt\/es\/wp-json\/wp\/v2\/product_brand?post=75113"},{"taxonomy":"product_cat","embeddable":true,"href":"https:\/\/gymnos.pt\/es\/wp-json\/wp\/v2\/product_cat?post=75113"},{"taxonomy":"product_tag","embeddable":true,"href":"https:\/\/gymnos.pt\/es\/wp-json\/wp\/v2\/product_tag?post=75113"}],"curies":[{"name":"wp","href":"https:\/\/api.w.org\/{rel}","templated":true}]}}