{"id":74983,"date":"2021-03-20T11:40:08","date_gmt":"2019-11-13T11:40:08","guid":{"rendered":"https:\/\/gymnos.pt\/?post_type=product&#038;p=74983"},"modified":"2024-10-17T10:27:32","modified_gmt":"2024-10-17T10:27:32","slug":"carpets-trolley-5m-3","status":"publish","type":"product","link":"https:\/\/gymnos.pt\/es\/produto\/carpets-trolley-5m-3\/","title":{"rendered":"CARRO DE DOBLE CARRETE PARA ALFOMBRA &#8211; 4 M"},"content":{"rendered":"<p><strong>PARA PEDIDOS DE PRESUPUESTO, POR FAVOR\u00a0CONT\u00c1CTENOS.<\/strong><\/p>\n<p>Dise\u00f1ado para enrollar, transportar y almacenar alfombras de ejercicio de gimnasia r\u00edtmica y art\u00edstica. Permite almacenar dos alfombras de ejercicio sin ocupar m\u00e1s espacio que un solo carrete.<\/p>\n<p>&nbsp;<\/p>\n<h4><strong>\u00a0<\/strong><\/h4>\n","protected":false},"excerpt":{"rendered":"<ul>\n<li>Ruedas de transporte omnidireccionales<\/li>\n<li>Mangos para movimiento bilateral<\/li>\n<li>Rueda rodante para facilitar el uso<\/li>\n<li>Longitud: 4 m<\/li>\n<\/ul>\n","protected":false},"featured_media":98025,"template":"","meta":{"_et_pb_use_builder":"","_et_pb_old_content":"","_et_gb_content_width":""},"product_brand":[5511],"product_cat":[8085,8049,8138,8059],"product_tag":[],"class_list":{"0":"post-74983","1":"product","2":"type-product","3":"status-publish","4":"has-post-thumbnail","6":"product_brand-gymnova","7":"product_cat-ritmica-es","8":"product_cat-gymnova-es","9":"product_cat-praticable-ritmica","10":"product_cat-praticables","12":"first","13":"onbackorder","14":"taxable","15":"shipping-taxable","16":"product-type-simple"},"_links":{"self":[{"href":"https:\/\/gymnos.pt\/es\/wp-json\/wp\/v2\/product\/74983","targetHints":{"allow":["GET"]}}],"collection":[{"href":"https:\/\/gymnos.pt\/es\/wp-json\/wp\/v2\/product"}],"about":[{"href":"https:\/\/gymnos.pt\/es\/wp-json\/wp\/v2\/types\/product"}],"wp:featuredmedia":[{"embeddable":true,"href":"https:\/\/gymnos.pt\/es\/wp-json\/wp\/v2\/media\/98025"}],"wp:attachment":[{"href":"https:\/\/gymnos.pt\/es\/wp-json\/wp\/v2\/media?parent=74983"}],"wp:term":[{"taxonomy":"product_brand","embeddable":true,"href":"https:\/\/gymnos.pt\/es\/wp-json\/wp\/v2\/product_brand?post=74983"},{"taxonomy":"product_cat","embeddable":true,"href":"https:\/\/gymnos.pt\/es\/wp-json\/wp\/v2\/product_cat?post=74983"},{"taxonomy":"product_tag","embeddable":true,"href":"https:\/\/gymnos.pt\/es\/wp-json\/wp\/v2\/product_tag?post=74983"}],"curies":[{"name":"wp","href":"https:\/\/api.w.org\/{rel}","templated":true}]}}