{"id":74969,"date":"2021-03-20T13:11:55","date_gmt":"2019-11-12T13:11:55","guid":{"rendered":"https:\/\/gymnos.pt\/?post_type=product&#038;p=74969"},"modified":"2024-07-18T10:44:56","modified_gmt":"2024-07-18T10:44:56","slug":"carpet-club-3","status":"publish","type":"product","link":"https:\/\/gymnos.pt\/es\/produto\/carpet-club-3\/","title":{"rendered":"Moqueta de GR Club 14 x 14 m"},"content":{"rendered":"<p><strong>PARA PEDIDOS DE PRESUPUESTO, POR FAVOR&nbsp;<a href=\"es\/contact-us\" target=\"_blank\" rel=\"noopener noreferrer\">CONT\u00c1CTENOS<\/a>.<\/strong><\/p>\n<p>&nbsp;<\/p>\n<p>Una moqueta especialmente adaptada para los entrenamientos de instalaci\u00f3n r\u00e1pida y sencilla.&nbsp;Zona de ejecuci\u00f3n de 14 x 14&nbsp;m delimitada por adhesivos de 5&nbsp;cm de ancho.<\/p>\n<p><strong>&#8211; Composici\u00f3n:<\/strong><\/p>\n<p>&#8211; 3 pa\u00f1os de 14 x 4&nbsp;m y 1 pa\u00f1o de 14 x 2&nbsp;m.<br \/>&#8211; Dimensiones: 14 x 14&nbsp;m (L x An).<\/p>\n","protected":false},"excerpt":{"rendered":"<p>Moqueta de GR club 14 x 14 m.<\/p>\n","protected":false},"featured_media":74970,"template":"","meta":{"_et_pb_use_builder":"","_et_pb_old_content":"","_et_gb_content_width":""},"product_brand":[5511],"product_cat":[8085,8049,8138],"product_tag":[],"class_list":{"0":"post-74969","1":"product","2":"type-product","3":"status-publish","4":"has-post-thumbnail","6":"product_brand-gymnova","7":"product_cat-ritmica-es","8":"product_cat-gymnova-es","9":"product_cat-praticable-ritmica","11":"first","12":"onbackorder","13":"taxable","14":"shipping-taxable","15":"product-type-simple"},"_links":{"self":[{"href":"https:\/\/gymnos.pt\/es\/wp-json\/wp\/v2\/product\/74969","targetHints":{"allow":["GET"]}}],"collection":[{"href":"https:\/\/gymnos.pt\/es\/wp-json\/wp\/v2\/product"}],"about":[{"href":"https:\/\/gymnos.pt\/es\/wp-json\/wp\/v2\/types\/product"}],"wp:featuredmedia":[{"embeddable":true,"href":"https:\/\/gymnos.pt\/es\/wp-json\/wp\/v2\/media\/74970"}],"wp:attachment":[{"href":"https:\/\/gymnos.pt\/es\/wp-json\/wp\/v2\/media?parent=74969"}],"wp:term":[{"taxonomy":"product_brand","embeddable":true,"href":"https:\/\/gymnos.pt\/es\/wp-json\/wp\/v2\/product_brand?post=74969"},{"taxonomy":"product_cat","embeddable":true,"href":"https:\/\/gymnos.pt\/es\/wp-json\/wp\/v2\/product_cat?post=74969"},{"taxonomy":"product_tag","embeddable":true,"href":"https:\/\/gymnos.pt\/es\/wp-json\/wp\/v2\/product_tag?post=74969"}],"curies":[{"name":"wp","href":"https:\/\/api.w.org\/{rel}","templated":true}]}}