{"id":74952,"date":"2021-03-20T12:01:18","date_gmt":"2019-11-12T12:01:18","guid":{"rendered":"https:\/\/gymnos.pt\/?post_type=product&#038;p=74952"},"modified":"2024-07-18T10:40:03","modified_gmt":"2024-07-18T10:40:03","slug":"london-competition-floor-complete-3","status":"publish","type":"product","link":"https:\/\/gymnos.pt\/es\/produto\/london-competition-floor-complete-3\/","title":{"rendered":"Praticable &#8216;London&#8217; para Competici\u00f3n GR"},"content":{"rendered":"<p><strong>PARA PEDIDOS DE PRESUPUESTO, POR FAVOR\u00a0CONT\u00c1CTENOS.<\/strong><\/p>\n<p>Este practicable, utilizado en las competiciones de gimnasia r\u00edtmica m\u00e1s importantes, ofrece a los gimnastas un dinamismo eficiente gracias a una zona de ejecuci\u00f3n homog\u00e9nea. Ofrece adem\u00e1s una excelente amortiguaci\u00f3n de las vibraciones al disminuir los microtraumatismos en mu\u00f1ecas y tobillos en los desplazamientos. Su instalaci\u00f3n es r\u00e1pida y sencilla y el marcado del per\u00edmetro de los 13 x 13 m permite una visualizaci\u00f3n segura de la zona de ejecuci\u00f3n<\/p>\n<p><strong>El practicable est\u00e1 compuesto de:<\/strong><\/p>\n<p>&#8211; un piso Ref. 6665 Dim.: 13,50 x 13,50\u00a0m espesor: 40\u00a0mm<\/p>\n<p>&#8211; una moqueta Ref. 6655 Dim.: 14 x 14\u00a0m (3 pa\u00f1os de 14 x 4\u00a0m y 1 pa\u00f1o de 14 x 2\u00a0m)<\/p>\n<p>&nbsp;<\/p>\n","protected":false},"excerpt":{"rendered":"<p>Praticable &#8216;LONDON&#8217; Completo para Competici\u00f3n GR 14 x 14 M &#8211; HOMOLOGADO POR LA FIG.<\/p>\n","protected":false},"featured_media":74953,"template":"","meta":{"_et_pb_use_builder":"","_et_pb_old_content":"","_et_gb_content_width":""},"product_brand":[5511],"product_cat":[8085,8049,8138],"product_tag":[],"class_list":{"0":"post-74952","1":"product","2":"type-product","3":"status-publish","4":"has-post-thumbnail","6":"product_brand-gymnova","7":"product_cat-ritmica-es","8":"product_cat-gymnova-es","9":"product_cat-praticable-ritmica","11":"first","12":"onbackorder","13":"taxable","14":"shipping-taxable","15":"product-type-simple"},"_links":{"self":[{"href":"https:\/\/gymnos.pt\/es\/wp-json\/wp\/v2\/product\/74952","targetHints":{"allow":["GET"]}}],"collection":[{"href":"https:\/\/gymnos.pt\/es\/wp-json\/wp\/v2\/product"}],"about":[{"href":"https:\/\/gymnos.pt\/es\/wp-json\/wp\/v2\/types\/product"}],"wp:featuredmedia":[{"embeddable":true,"href":"https:\/\/gymnos.pt\/es\/wp-json\/wp\/v2\/media\/74953"}],"wp:attachment":[{"href":"https:\/\/gymnos.pt\/es\/wp-json\/wp\/v2\/media?parent=74952"}],"wp:term":[{"taxonomy":"product_brand","embeddable":true,"href":"https:\/\/gymnos.pt\/es\/wp-json\/wp\/v2\/product_brand?post=74952"},{"taxonomy":"product_cat","embeddable":true,"href":"https:\/\/gymnos.pt\/es\/wp-json\/wp\/v2\/product_cat?post=74952"},{"taxonomy":"product_tag","embeddable":true,"href":"https:\/\/gymnos.pt\/es\/wp-json\/wp\/v2\/product_tag?post=74952"}],"curies":[{"name":"wp","href":"https:\/\/api.w.org\/{rel}","templated":true}]}}