{"id":74238,"date":"2021-03-19T11:30:15","date_gmt":"2019-09-10T11:30:15","guid":{"rendered":"https:\/\/gymnos.pt\/?post_type=product&#038;p=74238"},"modified":"2024-07-18T11:06:50","modified_gmt":"2024-07-18T11:06:50","slug":"twisting-belt-small-3","status":"publish","type":"product","link":"https:\/\/gymnos.pt\/es\/produto\/twisting-belt-small-3\/","title":{"rendered":"CINTUR\u00d3N PARA PIRUETAS MODELO PEQUE\u00d1O"},"content":{"rendered":"<p>Cintur\u00f3n con rodamiento de bolas para la realizaci\u00f3n de ejercicios con piruetas.<\/p>\n<p>Cierre r\u00e1pido y sencillo.<\/p>\n<p>Incluye bandas de asiento.<\/p>\n<p>-\u00d8 Di\u00e1metro: 30 cm.<\/p>\n<p>-Regulable de 65 a 90 cm.<\/p>\n","protected":false},"excerpt":{"rendered":"<p>Cintur\u00f3n para la realizaci\u00f3n de ejercicios con piruetas.<\/p>\n<p>Di\u00e1metro 30 cm y regulable de 65 cm a 90 cm.<\/p>\n","protected":false},"featured_media":74239,"template":"","meta":{"_et_pb_use_builder":"","_et_pb_old_content":"","_et_gb_content_width":""},"product_brand":[5511],"product_cat":[8027,8049],"product_tag":[],"class_list":{"0":"post-74238","1":"product","2":"type-product","3":"status-publish","4":"has-post-thumbnail","6":"product_brand-gymnova","7":"product_cat-acessorios-de-entrenamiento","8":"product_cat-gymnova-es","10":"first","11":"onbackorder","12":"taxable","13":"shipping-taxable","14":"product-type-simple"},"_links":{"self":[{"href":"https:\/\/gymnos.pt\/es\/wp-json\/wp\/v2\/product\/74238","targetHints":{"allow":["GET"]}}],"collection":[{"href":"https:\/\/gymnos.pt\/es\/wp-json\/wp\/v2\/product"}],"about":[{"href":"https:\/\/gymnos.pt\/es\/wp-json\/wp\/v2\/types\/product"}],"wp:featuredmedia":[{"embeddable":true,"href":"https:\/\/gymnos.pt\/es\/wp-json\/wp\/v2\/media\/74239"}],"wp:attachment":[{"href":"https:\/\/gymnos.pt\/es\/wp-json\/wp\/v2\/media?parent=74238"}],"wp:term":[{"taxonomy":"product_brand","embeddable":true,"href":"https:\/\/gymnos.pt\/es\/wp-json\/wp\/v2\/product_brand?post=74238"},{"taxonomy":"product_cat","embeddable":true,"href":"https:\/\/gymnos.pt\/es\/wp-json\/wp\/v2\/product_cat?post=74238"},{"taxonomy":"product_tag","embeddable":true,"href":"https:\/\/gymnos.pt\/es\/wp-json\/wp\/v2\/product_tag?post=74238"}],"curies":[{"name":"wp","href":"https:\/\/api.w.org\/{rel}","templated":true}]}}