{"id":74223,"date":"2021-03-19T11:18:35","date_gmt":"2019-09-10T11:18:35","guid":{"rendered":"https:\/\/gymnos.pt\/?post_type=product&#038;p=74223"},"modified":"2024-07-18T10:40:26","modified_gmt":"2024-07-18T10:40:26","slug":"harness-belt-3","status":"publish","type":"product","link":"https:\/\/gymnos.pt\/es\/produto\/harness-belt-3\/","title":{"rendered":"CINTUR\u00d3N CON ARN\u00c9S"},"content":{"rendered":"<p id=\"tw-target-text\" class=\"tw-data-text tw-text-large tw-ta\" dir=\"ltr\" data-placeholder=\"Tradu\u00e7\u00e3o\"><span lang=\"es\" tabindex=\"0\">Cintur\u00f3n con rodamientos y sistema de giro para aprender rotaciones hacia adelante y hacia atr\u00e1s. <\/span><span lang=\"es\" tabindex=\"0\">Permite aprender y repetir elementos de gimnasia muy t\u00e9cnicos con confianza y sin aprensi\u00f3n. <\/span><\/p>\n<p class=\"tw-data-text tw-text-large tw-ta\" dir=\"ltr\" data-placeholder=\"Tradu\u00e7\u00e3o\"><span lang=\"es\" tabindex=\"0\">Talla \u00fanica, ajustable en una talla infantil (a partir de 5 a\u00f1os) y en un adulto.<\/span><\/p>\n<p class=\"tw-data-text tw-text-large tw-ta\" dir=\"ltr\" data-placeholder=\"Tradu\u00e7\u00e3o\"><span lang=\"es\" tabindex=\"0\"> Equipado con una hebilla de seguridad, este cintur\u00f3n es ajustable de 55 a 112 cm. Los puntos de referencia (de 1 a 6) permiten refinar el ajuste de la correa. El respaldo est\u00e1 hecho de tecnolog\u00eda antitranspiraci\u00f3n de tejidos. <\/span><\/p>\n<p class=\"tw-data-text tw-text-large tw-ta\" dir=\"ltr\" data-placeholder=\"Tradu\u00e7\u00e3o\"><span style=\"text-decoration: underline;\"><strong><span lang=\"es\" tabindex=\"0\">Cumple con el est\u00e1ndar de resistencia EN-358: 1999.<\/span><\/strong><\/span><\/p>\n<p><span lang=\"es\" tabindex=\"0\">&#8211; Modelo de talla \u00fanica. <\/span><\/p>\n<p><span lang=\"es\" tabindex=\"0\">&#8211; Cintur\u00f3n ajustable de 55 a 112 cm.<\/span><\/p>\n","protected":false},"excerpt":{"rendered":"<p>Cintur\u00f3n con rodamientos y sistema de torneado para aprender las rotaciones hacia adelante y hacia atr\u00e1s. Un tama\u00f1o para todos, ajustable en un tama\u00f1o de ni\u00f1o (a partir de 5 a\u00f1os) y en un adulto.<\/p>\n","protected":false},"featured_media":74224,"template":"","meta":{"_et_pb_use_builder":"","_et_pb_old_content":"","_et_gb_content_width":""},"product_brand":[5511],"product_cat":[8027,8049],"product_tag":[],"class_list":{"0":"post-74223","1":"product","2":"type-product","3":"status-publish","4":"has-post-thumbnail","6":"product_brand-gymnova","7":"product_cat-acessorios-de-entrenamiento","8":"product_cat-gymnova-es","10":"first","11":"instock","12":"taxable","13":"shipping-taxable","14":"purchasable","15":"product-type-simple"},"_links":{"self":[{"href":"https:\/\/gymnos.pt\/es\/wp-json\/wp\/v2\/product\/74223","targetHints":{"allow":["GET"]}}],"collection":[{"href":"https:\/\/gymnos.pt\/es\/wp-json\/wp\/v2\/product"}],"about":[{"href":"https:\/\/gymnos.pt\/es\/wp-json\/wp\/v2\/types\/product"}],"wp:featuredmedia":[{"embeddable":true,"href":"https:\/\/gymnos.pt\/es\/wp-json\/wp\/v2\/media\/74224"}],"wp:attachment":[{"href":"https:\/\/gymnos.pt\/es\/wp-json\/wp\/v2\/media?parent=74223"}],"wp:term":[{"taxonomy":"product_brand","embeddable":true,"href":"https:\/\/gymnos.pt\/es\/wp-json\/wp\/v2\/product_brand?post=74223"},{"taxonomy":"product_cat","embeddable":true,"href":"https:\/\/gymnos.pt\/es\/wp-json\/wp\/v2\/product_cat?post=74223"},{"taxonomy":"product_tag","embeddable":true,"href":"https:\/\/gymnos.pt\/es\/wp-json\/wp\/v2\/product_tag?post=74223"}],"curies":[{"name":"wp","href":"https:\/\/api.w.org\/{rel}","templated":true}]}}