{"id":72435,"date":"2021-03-27T11:34:47","date_gmt":"2019-03-15T11:34:47","guid":{"rendered":"https:\/\/gymnos.pt\/?post_type=product&#038;p=72435"},"modified":"2026-03-02T12:55:53","modified_gmt":"2026-03-02T12:55:53","slug":"soplador-aire-negro","status":"publish","type":"product","link":"https:\/\/gymnos.pt\/es\/produto\/soplador-aire-negro\/","title":{"rendered":"Bravo OV10-40 &#8211; INFLADOR EL\u00c9CTRICO \/ TUBO GRANDE"},"content":{"rendered":"<p><strong><span lang=\"es\" tabindex=\"0\"> Los productos Air &#8216;Basic&#8217; tienen una garant\u00eda de 4 a\u00f1os y 1 a\u00f1o para todos los accesorios.<\/span><\/strong><\/p>\n<p>&nbsp;<\/p>\n","protected":false},"excerpt":{"rendered":"<p>Motor de inflado para equipos con 5m3 y tubo de PVC \u00f8 40mm x 1,5m con tubo con boquilla de bayoneta para v\u00e1lvula negra.<\/p>\n<p>&nbsp;<\/p>\n","protected":false},"featured_media":72436,"template":"","meta":{"_et_pb_use_builder":"","_et_pb_old_content":"","_et_gb_content_width":""},"product_brand":[5499],"product_cat":[8047,8116,8121],"product_tag":[],"class_list":{"0":"post-72435","1":"product","2":"type-product","3":"status-publish","4":"has-post-thumbnail","6":"product_brand-airgym","7":"product_cat-gymnos-es","8":"product_cat-hinchables","9":"product_cat-hinchables-gymnos","11":"first","12":"instock","13":"taxable","14":"shipping-taxable","15":"purchasable","16":"product-type-simple"},"_links":{"self":[{"href":"https:\/\/gymnos.pt\/es\/wp-json\/wp\/v2\/product\/72435","targetHints":{"allow":["GET"]}}],"collection":[{"href":"https:\/\/gymnos.pt\/es\/wp-json\/wp\/v2\/product"}],"about":[{"href":"https:\/\/gymnos.pt\/es\/wp-json\/wp\/v2\/types\/product"}],"wp:featuredmedia":[{"embeddable":true,"href":"https:\/\/gymnos.pt\/es\/wp-json\/wp\/v2\/media\/72436"}],"wp:attachment":[{"href":"https:\/\/gymnos.pt\/es\/wp-json\/wp\/v2\/media?parent=72435"}],"wp:term":[{"taxonomy":"product_brand","embeddable":true,"href":"https:\/\/gymnos.pt\/es\/wp-json\/wp\/v2\/product_brand?post=72435"},{"taxonomy":"product_cat","embeddable":true,"href":"https:\/\/gymnos.pt\/es\/wp-json\/wp\/v2\/product_cat?post=72435"},{"taxonomy":"product_tag","embeddable":true,"href":"https:\/\/gymnos.pt\/es\/wp-json\/wp\/v2\/product_tag?post=72435"}],"curies":[{"name":"wp","href":"https:\/\/api.w.org\/{rel}","templated":true}]}}