{"id":72429,"date":"2021-03-27T11:14:54","date_gmt":"2019-03-15T11:14:54","guid":{"rendered":"https:\/\/gymnos.pt\/?post_type=product&#038;p=72429"},"modified":"2026-03-02T12:56:00","modified_gmt":"2026-03-02T12:56:00","slug":"soplador-aire-amarillo","status":"publish","type":"product","link":"https:\/\/gymnos.pt\/es\/produto\/soplador-aire-amarillo\/","title":{"rendered":"Bravo OV10 &#8211; INFLADOR EL\u00c9CTRICO \/ TUBO PEQUE\u00d1O"},"content":{"rendered":"<p><strong><span lang=\"es\" tabindex=\"0\">Los productos Air &#8216;Basic&#8217; tienen una garant\u00eda de 4 a\u00f1os y 1 a\u00f1o para todos los accesorios.<\/span><\/strong><\/p>\n","protected":false},"excerpt":{"rendered":"<p>Motor de inflado para equipos con &lt;5m3 y tubo de PVC \u00f8 25mm x 1,5m con tubo con boquilla de bayoneta para v\u00e1lvula gris.<\/p>\n<p>&nbsp;<\/p>\n","protected":false},"featured_media":72430,"template":"","meta":{"_et_pb_use_builder":"","_et_pb_old_content":"","_et_gb_content_width":""},"product_brand":[5499],"product_cat":[8116,8121],"product_tag":[],"class_list":{"0":"post-72429","1":"product","2":"type-product","3":"status-publish","4":"has-post-thumbnail","6":"product_brand-airgym","7":"product_cat-hinchables","8":"product_cat-hinchables-gymnos","10":"first","11":"instock","12":"taxable","13":"shipping-taxable","14":"purchasable","15":"product-type-simple"},"_links":{"self":[{"href":"https:\/\/gymnos.pt\/es\/wp-json\/wp\/v2\/product\/72429","targetHints":{"allow":["GET"]}}],"collection":[{"href":"https:\/\/gymnos.pt\/es\/wp-json\/wp\/v2\/product"}],"about":[{"href":"https:\/\/gymnos.pt\/es\/wp-json\/wp\/v2\/types\/product"}],"wp:featuredmedia":[{"embeddable":true,"href":"https:\/\/gymnos.pt\/es\/wp-json\/wp\/v2\/media\/72430"}],"wp:attachment":[{"href":"https:\/\/gymnos.pt\/es\/wp-json\/wp\/v2\/media?parent=72429"}],"wp:term":[{"taxonomy":"product_brand","embeddable":true,"href":"https:\/\/gymnos.pt\/es\/wp-json\/wp\/v2\/product_brand?post=72429"},{"taxonomy":"product_cat","embeddable":true,"href":"https:\/\/gymnos.pt\/es\/wp-json\/wp\/v2\/product_cat?post=72429"},{"taxonomy":"product_tag","embeddable":true,"href":"https:\/\/gymnos.pt\/es\/wp-json\/wp\/v2\/product_tag?post=72429"}],"curies":[{"name":"wp","href":"https:\/\/api.w.org\/{rel}","templated":true}]}}