{"id":72349,"date":"2021-03-03T11:56:41","date_gmt":"2019-02-22T11:56:41","guid":{"rendered":"https:\/\/gymnos.pt\/?post_type=product&#038;p=72349"},"modified":"2024-07-18T11:21:05","modified_gmt":"2024-07-18T11:21:05","slug":"mesas-de-seguridad-competition-universal","status":"publish","type":"product","link":"https:\/\/gymnos.pt\/es\/produto\/mesas-de-seguridad-competition-universal\/","title":{"rendered":"Plataformas de seguridad \u00abCompetition Universal\u00bb"},"content":{"rendered":"<p><strong>PARA PEDIDOS DE PRESUPUESTO, POR FAVOR\u00a0CONT\u00c1CTENOS.<\/strong><\/p>\n<p><strong id=\"product-teaser\" class=\"col-9\">Plataformas y colchonetas de seguridad \u00abCompetition Universal*\u00bb<\/strong><\/p>\n<p id=\"product-description\" class=\"col-9\">Las mesas y colchonetas de seguridad \u201dUniversal\u201c ofrecen el est\u00e1ndar \u00f3ptimo de seguridad para el entrenamiento y la competici\u00f3n. Las mesas de seguridad, fabricadas especialmente con el acero probado para Eurotramp, son extremadamente estables.<\/p>\n<p>Adem\u00e1s, los componentes de los materiales seleccionados cuidadosamente garantizan la longevidad. Las colchonetas con escudete consisten en una espuma PE de alta calidad que logra una amortiguaci\u00f3n \u00f3ptima y, por lo tanto, minimiza el riesgo de lesiones; la cubierta consiste en una lona PVC especial, resistente contra roturas. El escudete se puede quitar en pocos segundos, de modo que las colchonetas tambi\u00e9n pueden ser usadas de otra manera. Si es necesario colocar dos trampolines uno al lado del otro, tambi\u00e9n es posible colocar s\u00f3lo una mesa de seguridad entre los trampolines.<\/p>\n<p><strong>*Plataformas de seguridad \u00abUniversal\u00bb sustituyen las plataformas precedentes \u00abCompetition\u00bb. Piezas de recambio todav\u00eda son disponible a petici\u00f3n.<\/strong><\/p>\n","protected":false},"excerpt":{"rendered":"<p>Plataformas de seguridad \u00abCompetition Universal\u00bb (1 par) para Ultimate y Grand Master con certificado FIG.<\/p>\n<p>Precio bajo consulta.<\/p>\n","protected":false},"featured_media":72350,"template":"","meta":{"_et_pb_use_builder":"","_et_pb_old_content":"","_et_gb_content_width":""},"product_brand":[5507],"product_cat":[8045],"product_tag":[],"class_list":{"0":"post-72349","1":"product","2":"type-product","3":"status-publish","4":"has-post-thumbnail","6":"product_brand-eurotramp","7":"product_cat-eurotramp-es","9":"first","10":"onbackorder","11":"taxable","12":"shipping-taxable","13":"product-type-simple"},"_links":{"self":[{"href":"https:\/\/gymnos.pt\/es\/wp-json\/wp\/v2\/product\/72349","targetHints":{"allow":["GET"]}}],"collection":[{"href":"https:\/\/gymnos.pt\/es\/wp-json\/wp\/v2\/product"}],"about":[{"href":"https:\/\/gymnos.pt\/es\/wp-json\/wp\/v2\/types\/product"}],"wp:featuredmedia":[{"embeddable":true,"href":"https:\/\/gymnos.pt\/es\/wp-json\/wp\/v2\/media\/72350"}],"wp:attachment":[{"href":"https:\/\/gymnos.pt\/es\/wp-json\/wp\/v2\/media?parent=72349"}],"wp:term":[{"taxonomy":"product_brand","embeddable":true,"href":"https:\/\/gymnos.pt\/es\/wp-json\/wp\/v2\/product_brand?post=72349"},{"taxonomy":"product_cat","embeddable":true,"href":"https:\/\/gymnos.pt\/es\/wp-json\/wp\/v2\/product_cat?post=72349"},{"taxonomy":"product_tag","embeddable":true,"href":"https:\/\/gymnos.pt\/es\/wp-json\/wp\/v2\/product_tag?post=72349"}],"curies":[{"name":"wp","href":"https:\/\/api.w.org\/{rel}","templated":true}]}}