{"id":72331,"date":"2021-03-05T11:30:13","date_gmt":"2019-02-22T11:30:13","guid":{"rendered":"https:\/\/gymnos.pt\/?post_type=product&#038;p=72331"},"modified":"2024-07-18T11:20:51","modified_gmt":"2024-07-18T11:20:51","slug":"pista-trampolin-stationary","status":"publish","type":"product","link":"https:\/\/gymnos.pt\/es\/produto\/pista-trampolin-stationary\/","title":{"rendered":"Nueva Pista de trampol\u00edn \u00ab\u00bbStationary\u00bb 2"},"content":{"rendered":"<p><strong>NUEVA TRAMPOL\u00cdN DE PISTA DE EUROTRAMP &#8211; <\/strong>Para el entrenamiento met\u00f3dico y preparatorio!<\/p>\n<p>Eurotramp ha desarrollado una nueva estructura mejorada hecha de perfiles de tubo cuadrado que permite una mayor estabilidad, lo que se traduce en m\u00e1s potencia y control del salto.<\/p>\n<p>Esta pista de trampol\u00edn es ideal para instalar en boxes debido a su nueva estructura met\u00e1lica de alta precisi\u00f3n, pero tambi\u00e9n se puede utilizar en el exterior como una cama el\u00e1stica normal.<\/p>\n<p>Todos los modelos Trampoline Track cuentan con muelles de acero y lonas de tejido de poliamida (lo que lo hace m\u00e1s suave) o recubiertas de PVC sint\u00e9tico (versi\u00f3n m\u00e1s r\u00edgida), otorgando el rendimiento necesario seg\u00fan las caracter\u00edsticas individuales de salto de cada atleta. La altura de la estructura es de 70 cm + 24 mm de la almohadilla protectora. Tiene aproximadamente 2 metros de ancho en la parte superior y un tama\u00f1o m\u00e1s peque\u00f1o en la base. Su longitud var\u00eda entre 4 y 20 metros.<\/p>\n<p>PARA SOLICITUDES DE PRESUPUESTO, CONSULTANOS.<\/p>\n<p>CONJUNTOS:<\/p>\n<p>88104 Pista de trampol\u00edn \u00abEstacionario\u00bb 2 &#8211; 400 x 200 x 70 cm<\/p>\n<p>88106 Pista de trampol\u00edn \u00abEstacionario\u00bb 2 &#8211; 600 x 200 x 70 cm<\/p>\n<p>88108 Pista de trampol\u00edn \u00abEstacionario\u00bb 2 &#8211; 800 x 200 x 70 cm<\/p>\n<p>88110 Pista de trampol\u00edn \u00abEstacionario\u00bb 2 &#8211; 1000 x 200 x 70 cm<\/p>\n<p>88112 Pista de trampol\u00edn \u00abEstacionario\u00bb 2 &#8211; 1200 x 200 x 70 cm<\/p>\n<p>88114 Pista de trampol\u00edn \u00abEstacionario\u00bb 2 &#8211; 1400 x 200 x 70 cm<\/p>\n<p>88116 Pista de trampol\u00edn \u00abEstacionario\u00bb 2 &#8211; 1600 x 200 x 70 cm<\/p>\n<p>88118 Pista de trampol\u00edn \u00abEstacionario\u00bb 2 &#8211; 1800 x 200 x 70 cm<\/p>\n<p>88120 Pista de trampol\u00edn \u00abEstacionario\u00bb 2 &#8211; 2000 x 200 x 70 cm<\/p>\n","protected":false},"excerpt":{"rendered":"<p><strong><span style=\"color: #ff0000;\">NUEVA<\/span> Pista de trampol\u00edn \u00abStationary\u00bb 2<\/strong><\/p>\n<p>Longitudes disponibles &#8211; 4m, 6m, 8m, 10m, 12m, 14m, 16m, 18m y 20m.<\/p>\n<p>Con Trampolim Track de Eurotramp se pueden realizar todas las acrobacias, como saltos hacia adelante o hacia atr\u00e1s, con o sin piruetas, lo que permite un entrenamiento din\u00e1mico para gimnastas de todas las edades y niveles de dificultad. Comparativamente, las Pistas de Tumbling son m\u00e1s r\u00edgidas y aunque permiten una gran velocidad y la ejecuci\u00f3n de elementos espectaculares, pueden da\u00f1ar las articulaciones de las gimnastas. Por ello, Eurotramp ha desarrollado una tecnolog\u00eda que ralentiza la acci\u00f3n de los movimientos y al mismo tiempo protege el cuerpo de grandes impactos.<\/p>\n<p>Precios bajo consulta.<\/p>\n","protected":false},"featured_media":93632,"template":"","meta":{"_et_pb_use_builder":"","_et_pb_old_content":"","_et_gb_content_width":""},"product_brand":[5507],"product_cat":[8033,8045],"product_tag":[],"class_list":{"0":"post-72331","1":"product","2":"type-product","3":"status-publish","4":"has-post-thumbnail","6":"product_brand-eurotramp","7":"product_cat-aparatos","8":"product_cat-eurotramp-es","10":"first","11":"onbackorder","12":"taxable","13":"shipping-taxable","14":"product-type-simple"},"_links":{"self":[{"href":"https:\/\/gymnos.pt\/es\/wp-json\/wp\/v2\/product\/72331","targetHints":{"allow":["GET"]}}],"collection":[{"href":"https:\/\/gymnos.pt\/es\/wp-json\/wp\/v2\/product"}],"about":[{"href":"https:\/\/gymnos.pt\/es\/wp-json\/wp\/v2\/types\/product"}],"wp:featuredmedia":[{"embeddable":true,"href":"https:\/\/gymnos.pt\/es\/wp-json\/wp\/v2\/media\/93632"}],"wp:attachment":[{"href":"https:\/\/gymnos.pt\/es\/wp-json\/wp\/v2\/media?parent=72331"}],"wp:term":[{"taxonomy":"product_brand","embeddable":true,"href":"https:\/\/gymnos.pt\/es\/wp-json\/wp\/v2\/product_brand?post=72331"},{"taxonomy":"product_cat","embeddable":true,"href":"https:\/\/gymnos.pt\/es\/wp-json\/wp\/v2\/product_cat?post=72331"},{"taxonomy":"product_tag","embeddable":true,"href":"https:\/\/gymnos.pt\/es\/wp-json\/wp\/v2\/product_tag?post=72331"}],"curies":[{"name":"wp","href":"https:\/\/api.w.org\/{rel}","templated":true}]}}