{"id":72307,"date":"2021-03-05T10:16:14","date_gmt":"2019-02-22T10:16:14","guid":{"rendered":"https:\/\/gymnos.pt\/?post_type=product&#038;p=72307"},"modified":"2024-07-18T11:20:52","modified_gmt":"2024-07-18T11:20:52","slug":"sistema-medicion-trampolin-hdts","status":"publish","type":"product","link":"https:\/\/gymnos.pt\/es\/produto\/sistema-medicion-trampolin-hdts\/","title":{"rendered":"Sistema de medici\u00f3n para trampol\u00edn HDTS"},"content":{"rendered":"<div class=\"button_back\"><strong>PARA PEDIDOS DE PRESUPUESTO, POR FAVOR\u00a0CONT\u00c1CTENOS.<\/strong><\/div>\n<p>Perfecto para competiciones, documentaci\u00f3n y planiamiento de entrenamiento.<\/p>\n<p>El nuevo Sistema de Medici\u00f3n de Trampol\u00edn HDTS ofrece las siguientes funciones de medici\u00f3n:<\/p>\n<p>\u2022 ToF &#8211; Tiempo de vuelo<\/p>\n<p>\u2022 HD &#8211; desplazamiento horizontal<\/p>\n<p>.\u2022 SYN &#8211; Sincronicidad<\/p>\n<p>Un conjunto consiste en:<\/p>\n<p>\u2022 8 placas de medici\u00f3n HDTS para dos trampolines (4 placas de medici\u00f3n por trampol\u00edn)<\/p>\n<p>\u2022 4 cables azules<\/p>\n<p>\u2022 2 cables verdes<\/p>\n<p>\u2022 2 cables grises<\/p>\n<p>\u2022 2 cables de plata<\/p>\n<p>\u2022 1 caja USB<\/p>\n<p>\u2022 1 unidad flash USB con software de PC \u201eQira 091\u201c<\/p>\n<p>Tiempo de instalaci\u00f3n: 10 minutos.<\/p>\n<p>&nbsp;<\/p>\n","protected":false},"excerpt":{"rendered":"<p>Precios bajo consulta.<\/p>\n","protected":false},"featured_media":72308,"template":"","meta":{"_et_pb_use_builder":"","_et_pb_old_content":"","_et_gb_content_width":""},"product_brand":[5507],"product_cat":[8045],"product_tag":[],"class_list":{"0":"post-72307","1":"product","2":"type-product","3":"status-publish","4":"has-post-thumbnail","6":"product_brand-eurotramp","7":"product_cat-eurotramp-es","9":"first","10":"onbackorder","11":"taxable","12":"shipping-taxable","13":"product-type-simple"},"_links":{"self":[{"href":"https:\/\/gymnos.pt\/es\/wp-json\/wp\/v2\/product\/72307","targetHints":{"allow":["GET"]}}],"collection":[{"href":"https:\/\/gymnos.pt\/es\/wp-json\/wp\/v2\/product"}],"about":[{"href":"https:\/\/gymnos.pt\/es\/wp-json\/wp\/v2\/types\/product"}],"wp:featuredmedia":[{"embeddable":true,"href":"https:\/\/gymnos.pt\/es\/wp-json\/wp\/v2\/media\/72308"}],"wp:attachment":[{"href":"https:\/\/gymnos.pt\/es\/wp-json\/wp\/v2\/media?parent=72307"}],"wp:term":[{"taxonomy":"product_brand","embeddable":true,"href":"https:\/\/gymnos.pt\/es\/wp-json\/wp\/v2\/product_brand?post=72307"},{"taxonomy":"product_cat","embeddable":true,"href":"https:\/\/gymnos.pt\/es\/wp-json\/wp\/v2\/product_cat?post=72307"},{"taxonomy":"product_tag","embeddable":true,"href":"https:\/\/gymnos.pt\/es\/wp-json\/wp\/v2\/product_tag?post=72307"}],"curies":[{"name":"wp","href":"https:\/\/api.w.org\/{rel}","templated":true}]}}