{"id":72295,"date":"2021-03-05T13:00:04","date_gmt":"2019-02-21T13:00:04","guid":{"rendered":"https:\/\/gymnos.pt\/?post_type=product&#038;p=72295"},"modified":"2024-07-18T11:18:41","modified_gmt":"2024-07-18T11:18:41","slug":"tabla-estabilizante-ultimate","status":"publish","type":"product","link":"https:\/\/gymnos.pt\/es\/produto\/tabla-estabilizante-ultimate\/","title":{"rendered":"Tabla Estabilizante Ultimate"},"content":{"rendered":"<div class=\"button_back\"><strong>PARA PEDIDOS DE PRESUPUESTO, POR FAVOR\u00a0CONT\u00c1CTENOS.<\/strong><\/div>\n<p><strong id=\"product-teaser\" class=\"col-9\">Menos vibraci\u00f3nes y m\u00e1s estabilidad<\/strong><\/p>\n<p id=\"product-description\" class=\"col-9\">Para la gimnasia en trampol\u00edn, en muchos gimnasios se presenta el problema de suelos el\u00e1sticos. Seg\u00fan las propiedades del suelo el gimnasio, el trampol\u00edn puede vibrar durante el salto (especialmente en el caso de los mejores atletas). Esto es causado por la alta presi\u00f3n que afecta el suelo del gimnasio en caso de una superficie de contacto peque\u00f1a. Para evitar estas molestas vibraciones y ligeros desplazamientos del trampol\u00edn, se colocaci\u00f3n del trampol\u00edn, lo que aumenta considerablemente la superficie de contacto de los pies. Dan una mayor estabilidad al trampol\u00edn y permiten ejercicios gimn\u00e1sticos seguros.<\/p>\n","protected":false},"excerpt":{"rendered":"<p>Tabla Estabilizante 50x50x3 cm para Trampoline Ultimate.<\/p>\n<p>Precio bajo consulta.<\/p>\n","protected":false},"featured_media":72296,"template":"","meta":{"_et_pb_use_builder":"","_et_pb_old_content":"","_et_gb_content_width":""},"product_brand":[5507],"product_cat":[8045],"product_tag":[],"class_list":{"0":"post-72295","1":"product","2":"type-product","3":"status-publish","4":"has-post-thumbnail","6":"product_brand-eurotramp","7":"product_cat-eurotramp-es","9":"first","10":"onbackorder","11":"taxable","12":"shipping-taxable","13":"product-type-simple"},"_links":{"self":[{"href":"https:\/\/gymnos.pt\/es\/wp-json\/wp\/v2\/product\/72295","targetHints":{"allow":["GET"]}}],"collection":[{"href":"https:\/\/gymnos.pt\/es\/wp-json\/wp\/v2\/product"}],"about":[{"href":"https:\/\/gymnos.pt\/es\/wp-json\/wp\/v2\/types\/product"}],"wp:featuredmedia":[{"embeddable":true,"href":"https:\/\/gymnos.pt\/es\/wp-json\/wp\/v2\/media\/72296"}],"wp:attachment":[{"href":"https:\/\/gymnos.pt\/es\/wp-json\/wp\/v2\/media?parent=72295"}],"wp:term":[{"taxonomy":"product_brand","embeddable":true,"href":"https:\/\/gymnos.pt\/es\/wp-json\/wp\/v2\/product_brand?post=72295"},{"taxonomy":"product_cat","embeddable":true,"href":"https:\/\/gymnos.pt\/es\/wp-json\/wp\/v2\/product_cat?post=72295"},{"taxonomy":"product_tag","embeddable":true,"href":"https:\/\/gymnos.pt\/es\/wp-json\/wp\/v2\/product_tag?post=72295"}],"curies":[{"name":"wp","href":"https:\/\/api.w.org\/{rel}","templated":true}]}}